{"id":30913,"date":"2022-12-21T11:48:08","date_gmt":"2022-12-21T10:48:08","guid":{"rendered":"https:\/\/www.ae-expo.be\/?page_id=30913"},"modified":"2026-01-22T09:32:58","modified_gmt":"2026-01-22T08:32:58","slug":"smart-badge-technologie","status":"publish","type":"page","link":"https:\/\/www.ae-expo.be\/nl\/smart-badge-technologie\/","title":{"rendered":"Smart Badge Technologie"},"content":{"rendered":"\t\t<div data-elementor-type=\"wp-post\" data-elementor-id=\"30913\" class=\"elementor elementor-30913\" data-elementor-post-type=\"page\">\n\t\t\t\t<div class=\"elementor-element elementor-element-102a562 e-con-full e-flex e-con e-parent\" data-id=\"102a562\" data-element_type=\"container\" data-settings=\"{&quot;background_background&quot;:&quot;classic&quot;}\">\n\t\t<div class=\"elementor-element elementor-element-79e8520 e-con-full e-flex e-con e-child\" data-id=\"79e8520\" data-element_type=\"container\">\n\t\t\t\t<div class=\"elementor-element elementor-element-7b5680b elementor-widget elementor-widget-heading\" data-id=\"7b5680b\" data-element_type=\"widget\" data-widget_type=\"heading.default\">\n\t\t\t\t<div class=\"elementor-widget-container\">\n\t\t\t\t\t<h1 class=\"elementor-heading-title elementor-size-default\">Smart Badge Technologie<\/h1>\t\t\t\t<\/div>\n\t\t\t\t<\/div>\n\t\t\t\t<div class=\"elementor-element elementor-element-676850e elementor-widget__width-initial elementor-widget elementor-widget-text-editor\" data-id=\"676850e\" data-element_type=\"widget\" data-widget_type=\"text-editor.default\">\n\t\t\t\t<div class=\"elementor-widget-container\">\n\t\t\t\t\t\t\t\t\t<p>Verkrijg eenvoudig en snel informatie van exposanten dankzij onze Smart Badge technologie.<\/p>\t\t\t\t\t\t\t\t<\/div>\n\t\t\t\t<\/div>\n\t\t\t\t<div class=\"elementor-element elementor-element-63b511f elementor-align-center elementor-widget elementor-widget-dynamic-button\" data-id=\"63b511f\" data-element_type=\"widget\" data-settings=\"{&quot;_animation&quot;:&quot;none&quot;}\" data-widget_type=\"dynamic-button.default\">\n\t\t\t\t<div class=\"elementor-widget-container\">\n\t\t\t\t\t        <div class=\"elementor-button-wrapper\">\n            <a href=\"https:\/\/register.visitcloud.com\/survey\/0nv9zpv4fxgq8\" class=\"elementor-button-link elementor-button elementor-size-sm\" role=\"button\">\n                        <span class=\"elementor-button-content-wrapper\">\n\t\t\t                <span class=\"elementor-button-icon elementor-align-icon-right\">\n\t\t\t\t<i aria-hidden=\"true\" class=\"fas fa-chevron-right\"><\/i>\t\t\t<\/span>\n            \t\t\t<span class=\"elementor-button-text\">Registreer gratis<\/span>\n\t\t<\/span>\n                    <\/a>\n        <\/div>\n        \t\t\t\t<\/div>\n\t\t\t\t<\/div>\n\t\t\t\t<\/div>\n\t\t<div class=\"elementor-element elementor-element-7306463 e-con-full e-flex e-con e-child\" data-id=\"7306463\" data-element_type=\"container\" data-settings=\"{&quot;background_background&quot;:&quot;classic&quot;}\">\n\t\t\t\t<div class=\"elementor-element elementor-element-ad63fcf elementor-widget__width-initial elementor-widget elementor-widget-image\" data-id=\"ad63fcf\" data-element_type=\"widget\" data-widget_type=\"image.default\">\n\t\t\t\t<div class=\"elementor-widget-container\">\n\t\t\t\t\t\t\t\t\t\t\t\t\t\t\t<img fetchpriority=\"high\" decoding=\"async\" width=\"1920\" height=\"1280\" src=\"https:\/\/easyfairsassets.com\/sites\/303\/2024\/10\/LOWRES-3D2A8943.jpg\" class=\"attachment-full size-full wp-image-91311\" alt=\"smart badge\" srcset=\"https:\/\/easyfairsassets.com\/sites\/303\/2024\/10\/LOWRES-3D2A8943.jpg 1920w, https:\/\/easyfairsassets.com\/sites\/303\/2024\/10\/LOWRES-3D2A8943-300x200.jpg 300w, https:\/\/easyfairsassets.com\/sites\/303\/2024\/10\/LOWRES-3D2A8943-1024x683.jpg 1024w, https:\/\/easyfairsassets.com\/sites\/303\/2024\/10\/LOWRES-3D2A8943-768x512.jpg 768w, https:\/\/easyfairsassets.com\/sites\/303\/2024\/10\/LOWRES-3D2A8943-1536x1024.jpg 1536w\" sizes=\"(max-width: 1920px) 100vw, 1920px\" \/>\t\t\t\t\t\t\t\t\t\t\t\t\t\t\t<\/div>\n\t\t\t\t<\/div>\n\t\t\t\t<div class=\"elementor-element elementor-element-30932d7 elementor-widget elementor-widget-image\" data-id=\"30932d7\" data-element_type=\"widget\" data-widget_type=\"image.default\">\n\t\t\t\t<div class=\"elementor-widget-container\">\n\t\t\t\t\t\t\t\t\t\t\t\t\t\t\t<img decoding=\"async\" width=\"1920\" height=\"1280\" src=\"https:\/\/easyfairsassets.com\/sites\/303\/2024\/03\/53612317288_95215abf67_o-1.jpg\" class=\"attachment-full size-full wp-image-71998\" alt=\"Smart Badge\" srcset=\"https:\/\/easyfairsassets.com\/sites\/303\/2024\/03\/53612317288_95215abf67_o-1.jpg 1920w, https:\/\/easyfairsassets.com\/sites\/303\/2024\/03\/53612317288_95215abf67_o-1-300x200.jpg 300w, https:\/\/easyfairsassets.com\/sites\/303\/2024\/03\/53612317288_95215abf67_o-1-1024x683.jpg 1024w, https:\/\/easyfairsassets.com\/sites\/303\/2024\/03\/53612317288_95215abf67_o-1-768x512.jpg 768w, https:\/\/easyfairsassets.com\/sites\/303\/2024\/03\/53612317288_95215abf67_o-1-1536x1024.jpg 1536w\" sizes=\"(max-width: 1920px) 100vw, 1920px\" \/>\t\t\t\t\t\t\t\t\t\t\t\t\t\t\t<\/div>\n\t\t\t\t<\/div>\n\t\t\t\t<\/div>\n\t\t\t\t<\/div>\n\t\t<div class=\"elementor-element elementor-element-b1ca730 e-con-full e-flex e-con e-parent\" data-id=\"b1ca730\" data-element_type=\"container\" data-settings=\"{&quot;background_background&quot;:&quot;classic&quot;}\">\n\t\t<div class=\"elementor-element elementor-element-df6778b e-con-full e-flex e-con e-child\" data-id=\"df6778b\" data-element_type=\"container\">\n\t\t\t\t<div class=\"elementor-element elementor-element-197af6e elementor-widget elementor-widget-heading\" data-id=\"197af6e\" data-element_type=\"widget\" data-widget_type=\"heading.default\">\n\t\t\t\t<div class=\"elementor-widget-container\">\n\t\t\t\t\t<h2 class=\"elementor-heading-title elementor-size-default\">Hoe uw bezoekersbadge gebruiken?<\/h2>\t\t\t\t<\/div>\n\t\t\t\t<\/div>\n\t\t\t\t<\/div>\n\t\t<div class=\"elementor-element elementor-element-1127de3 e-con-full e-flex e-con e-child\" data-id=\"1127de3\" data-element_type=\"container\">\n\t\t\t\t<div class=\"elementor-element elementor-element-527c035 elementor-view-default elementor-widget elementor-widget-icon\" data-id=\"527c035\" data-element_type=\"widget\" data-widget_type=\"icon.default\">\n\t\t\t\t<div class=\"elementor-widget-container\">\n\t\t\t\t\t\t\t<div class=\"elementor-icon-wrapper\">\n\t\t\t<div class=\"elementor-icon\">\n\t\t\t<i aria-hidden=\"true\" class=\"fas fa-check\"><\/i>\t\t\t<\/div>\n\t\t<\/div>\n\t\t\t\t\t\t<\/div>\n\t\t\t\t<\/div>\n\t\t\t\t<div class=\"elementor-element elementor-element-f5a895d elementor-widget elementor-widget-text-editor\" data-id=\"f5a895d\" data-element_type=\"widget\" data-widget_type=\"text-editor.default\">\n\t\t\t\t<div class=\"elementor-widget-container\">\n\t\t\t\t\t\t\t\t\t<p>Op elke stand zal u \u00e9\u00e9n of meerdere groene bordjes zien staan.\u00a0Hebt u interesse in een exposant en zijn producten? Raak de lezer op het groene bordje aan met uw bezoekersbadge. U weet dat uw actie geslaagd is als u een biep geluidje hoort en de lezer groen oplicht.<\/p>\t\t\t\t\t\t\t\t<\/div>\n\t\t\t\t<\/div>\n\t\t\t\t<\/div>\n\t\t<div class=\"elementor-element elementor-element-4f5b996 e-con-full e-flex e-con e-child\" data-id=\"4f5b996\" data-element_type=\"container\">\n\t\t\t\t<div class=\"elementor-element elementor-element-09b499a elementor-view-default elementor-widget elementor-widget-icon\" data-id=\"09b499a\" data-element_type=\"widget\" data-widget_type=\"icon.default\">\n\t\t\t\t<div class=\"elementor-widget-container\">\n\t\t\t\t\t\t\t<div class=\"elementor-icon-wrapper\">\n\t\t\t<div class=\"elementor-icon\">\n\t\t\t<i aria-hidden=\"true\" class=\"fas fa-envelope-open-text\"><\/i>\t\t\t<\/div>\n\t\t<\/div>\n\t\t\t\t\t\t<\/div>\n\t\t\t\t<\/div>\n\t\t\t\t<div class=\"elementor-element elementor-element-5db7be4 elementor-widget elementor-widget-text-editor\" data-id=\"5db7be4\" data-element_type=\"widget\" data-widget_type=\"text-editor.default\">\n\t\t\t\t<div class=\"elementor-widget-container\">\n\t\t\t\t\t\t\t\t\t<p>De dag na uw bezoek ontvangt u \u00e9\u00e9n e-mail met een overzicht van alle verzamelde informatie \u00e9n enkele aanbevelingen van exposanten die ook interessant kunnen zijn voor u.<\/p>\t\t\t\t\t\t\t\t<\/div>\n\t\t\t\t<\/div>\n\t\t\t\t<\/div>\n\t\t<div class=\"elementor-element elementor-element-e61bde6 e-flex e-con-boxed e-con e-child\" data-id=\"e61bde6\" data-element_type=\"container\">\n\t\t\t\t\t<div class=\"e-con-inner\">\n\t\t\t\t<div class=\"elementor-element elementor-element-68b1ec7 elementor-view-default elementor-widget elementor-widget-icon\" data-id=\"68b1ec7\" data-element_type=\"widget\" data-widget_type=\"icon.default\">\n\t\t\t\t<div class=\"elementor-widget-container\">\n\t\t\t\t\t\t\t<div class=\"elementor-icon-wrapper\">\n\t\t\t<div class=\"elementor-icon\">\n\t\t\t<i aria-hidden=\"true\" class=\"fas fa-laptop\"><\/i>\t\t\t<\/div>\n\t\t<\/div>\n\t\t\t\t\t\t<\/div>\n\t\t\t\t<\/div>\n\t\t\t\t<div class=\"elementor-element elementor-element-8c0a3e4 elementor-widget elementor-widget-text-editor\" data-id=\"8c0a3e4\" data-element_type=\"widget\" data-widget_type=\"text-editor.default\">\n\t\t\t\t<div class=\"elementor-widget-container\">\n\t\t\t\t\t\t\t\t\t<p>Met de informatie uit de e-mail kan u contact opnemen met de desbetreffende exposant voor meer info. De exposant ontving ook uw gegevens en kan dus ook met u contact opnemen.<\/p>\t\t\t\t\t\t\t\t<\/div>\n\t\t\t\t<\/div>\n\t\t\t\t\t<\/div>\n\t\t\t\t<\/div>\n\t\t\t\t<\/div>\n\t\t<div class=\"elementor-element elementor-element-2cfa5b3 e-con-full e-flex e-con e-parent\" data-id=\"2cfa5b3\" data-element_type=\"container\" data-settings=\"{&quot;background_background&quot;:&quot;classic&quot;}\">\n\t\t<div class=\"elementor-element elementor-element-e712c2f e-con-full e-flex e-con e-child\" data-id=\"e712c2f\" data-element_type=\"container\">\n\t\t\t\t<div class=\"elementor-element elementor-element-becbeab elementor-widget elementor-widget-heading\" data-id=\"becbeab\" data-element_type=\"widget\" data-widget_type=\"heading.default\">\n\t\t\t\t<div class=\"elementor-widget-container\">\n\t\t\t\t\t<h2 class=\"elementor-heading-title elementor-size-default\">Uw voordelen?<\/h2>\t\t\t\t<\/div>\n\t\t\t\t<\/div>\n\t\t\t\t<\/div>\n\t\t<div class=\"elementor-element elementor-element-b33e1a8 e-con-full e-flex e-con e-child\" data-id=\"b33e1a8\" data-element_type=\"container\">\n\t\t\t\t<div class=\"elementor-element elementor-element-cf0e346 elementor-widget__width-initial elementor-widget elementor-widget-text-editor\" data-id=\"cf0e346\" data-element_type=\"widget\" data-widget_type=\"text-editor.default\">\n\t\t\t\t<div class=\"elementor-widget-container\">\n\t\t\t\t\t\t\t\t\t<ol><li><strong>Uw bezoekersbadge is uw virtuele draagtas<\/strong> tijdens uw beursbezoek. Gedaan met het dragen van zware catalogi of nemen van notities.<br \/><br \/><\/li><li><strong>U weet perfect welke standen u bezocht heeft<\/strong>. U ontvangt nadien een e-mail met een handig overzicht van uw bezoek.<br \/><br \/><\/li><li><strong>Geen spam<\/strong>. U ontvangt enkel de digitale informatie van exposanten waarin u interesse heeft getoond.<br \/><br \/><\/li><\/ol><p>Bekijk het introductiefilmpje hier.<\/p>\t\t\t\t\t\t\t\t<\/div>\n\t\t\t\t<\/div>\n\t\t\t\t<\/div>\n\t\t<div class=\"elementor-element elementor-element-a5e359e e-con-full e-flex e-con e-child\" data-id=\"a5e359e\" data-element_type=\"container\">\n\t\t\t\t<div class=\"elementor-element elementor-element-23d895b elementor-widget elementor-widget-video\" data-id=\"23d895b\" data-element_type=\"widget\" data-settings=\"{&quot;youtube_url&quot;:&quot;https:\\\/\\\/youtu.be\\\/ikKCfzrS3nQ?si=oJEI_rKZbgLItf98&quot;,&quot;video_type&quot;:&quot;youtube&quot;,&quot;controls&quot;:&quot;yes&quot;}\" data-widget_type=\"video.default\">\n\t\t\t\t<div class=\"elementor-widget-container\">\n\t\t\t\t\t\t\t<div class=\"elementor-wrapper elementor-open-inline\">\n\t\t\t<div class=\"elementor-video\"><\/div>\t\t<\/div>\n\t\t\t\t\t\t<\/div>\n\t\t\t\t<\/div>\n\t\t\t\t<\/div>\n\t\t\t\t<\/div>\n\t\t\t\t<\/div>\n\t\t","protected":false},"excerpt":{"rendered":"<p>Smart Badge Technologie Verkrijg eenvoudig en snel informatie van exposanten dankzij onze Smart Badge technologie. Registreer gratis Hoe uw bezoekersbadge gebruiken? Op elke stand zal u \u00e9\u00e9n of meerdere groene bordjes zien staan.\u00a0Hebt u interesse in een exposant en zijn producten? Raak de lezer op het groene bordje aan met uw bezoekersbadge. U weet dat [&hellip;]<\/p>\n","protected":false},"author":872,"featured_media":91311,"parent":0,"menu_order":0,"comment_status":"closed","ping_status":"closed","template":"elementor_header_footer","meta":{"_seopress_robots_primary_cat":"","_seopress_titles_title":"Smart Badge Technologie - Advanced Engineering","_seopress_titles_desc":"Vind hier meer informatie over onze Smart Badge Technologie tijdens uw bezoek aan Advanced Engineering.","_seopress_robots_index":"","footnotes":""},"class_list":["post-30913","page","type-page","status-publish","has-post-thumbnail","hentry"],"_links":{"self":[{"href":"https:\/\/www.ae-expo.be\/nl\/wp-json\/wp\/v2\/pages\/30913","targetHints":{"allow":["GET"]}}],"collection":[{"href":"https:\/\/www.ae-expo.be\/nl\/wp-json\/wp\/v2\/pages"}],"about":[{"href":"https:\/\/www.ae-expo.be\/nl\/wp-json\/wp\/v2\/types\/page"}],"author":[{"embeddable":true,"href":"https:\/\/www.ae-expo.be\/nl\/wp-json\/wp\/v2\/users\/872"}],"replies":[{"embeddable":true,"href":"https:\/\/www.ae-expo.be\/nl\/wp-json\/wp\/v2\/comments?post=30913"}],"version-history":[{"count":5,"href":"https:\/\/www.ae-expo.be\/nl\/wp-json\/wp\/v2\/pages\/30913\/revisions"}],"predecessor-version":[{"id":115620,"href":"https:\/\/www.ae-expo.be\/nl\/wp-json\/wp\/v2\/pages\/30913\/revisions\/115620"}],"wp:featuredmedia":[{"embeddable":true,"href":"https:\/\/www.ae-expo.be\/nl\/wp-json\/wp\/v2\/media\/91311"}],"wp:attachment":[{"href":"https:\/\/www.ae-expo.be\/nl\/wp-json\/wp\/v2\/media?parent=30913"}],"curies":[{"name":"wp","href":"https:\/\/api.w.org\/{rel}","templated":true}]}}