{"id":112883,"date":"2025-12-08T16:03:30","date_gmt":"2025-12-08T15:03:30","guid":{"rendered":"https:\/\/www.ae-expo.be\/?page_id=112883"},"modified":"2026-01-21T14:21:54","modified_gmt":"2026-01-21T13:21:54","slug":"smart-badge-visit-connect","status":"publish","type":"page","link":"https:\/\/www.ae-expo.be\/nl\/smart-badge-visit-connect\/","title":{"rendered":"Smart Badge &#8211; Visit Connect"},"content":{"rendered":"\t\t<div data-elementor-type=\"wp-post\" data-elementor-id=\"112883\" class=\"elementor elementor-112883\" data-elementor-post-type=\"page\">\n\t\t\t\t<div class=\"elementor-element elementor-element-102a562 e-con-full e-flex e-con e-parent\" data-id=\"102a562\" data-element_type=\"container\" data-settings=\"{&quot;background_background&quot;:&quot;classic&quot;}\">\n\t\t<div class=\"elementor-element elementor-element-79e8520 e-con-full e-flex e-con e-child\" data-id=\"79e8520\" data-element_type=\"container\">\n\t\t\t\t<div class=\"elementor-element elementor-element-7b5680b elementor-widget elementor-widget-heading\" data-id=\"7b5680b\" data-element_type=\"widget\" data-widget_type=\"heading.default\">\n\t\t\t\t<div class=\"elementor-widget-container\">\n\t\t\t\t\t<h1 class=\"elementor-heading-title elementor-size-default\">Smart Badge vs\nVisit Connect<\/h1>\t\t\t\t<\/div>\n\t\t\t\t<\/div>\n\t\t\t\t<div class=\"elementor-element elementor-element-676850e elementor-widget__width-initial elementor-widget elementor-widget-text-editor\" data-id=\"676850e\" data-element_type=\"widget\" data-widget_type=\"text-editor.default\">\n\t\t\t\t<div class=\"elementor-widget-container\">\n\t\t\t\t\t\t\t\t\t<p>Effici\u00ebnte Leadopvolging met onze tools<\/p>\t\t\t\t\t\t\t\t<\/div>\n\t\t\t\t<\/div>\n\t\t\t\t<\/div>\n\t\t<div class=\"elementor-element elementor-element-7306463 e-con-full e-flex e-con e-child\" data-id=\"7306463\" data-element_type=\"container\" data-settings=\"{&quot;background_background&quot;:&quot;classic&quot;}\">\n\t\t\t\t<div class=\"elementor-element elementor-element-ad63fcf elementor-widget__width-initial elementor-widget elementor-widget-image\" data-id=\"ad63fcf\" data-element_type=\"widget\" data-widget_type=\"image.default\">\n\t\t\t\t<div class=\"elementor-widget-container\">\n\t\t\t\t\t\t\t\t\t\t\t\t\t\t\t<img fetchpriority=\"high\" decoding=\"async\" width=\"1920\" height=\"1280\" src=\"https:\/\/easyfairsassets.com\/sites\/303\/2024\/10\/LOWRES-3D2A8943.jpg\" class=\"attachment-full size-full wp-image-91311\" alt=\"smart badge\" srcset=\"https:\/\/easyfairsassets.com\/sites\/303\/2024\/10\/LOWRES-3D2A8943.jpg 1920w, https:\/\/easyfairsassets.com\/sites\/303\/2024\/10\/LOWRES-3D2A8943-300x200.jpg 300w, https:\/\/easyfairsassets.com\/sites\/303\/2024\/10\/LOWRES-3D2A8943-1024x683.jpg 1024w, https:\/\/easyfairsassets.com\/sites\/303\/2024\/10\/LOWRES-3D2A8943-768x512.jpg 768w, https:\/\/easyfairsassets.com\/sites\/303\/2024\/10\/LOWRES-3D2A8943-1536x1024.jpg 1536w\" sizes=\"(max-width: 1920px) 100vw, 1920px\" \/>\t\t\t\t\t\t\t\t\t\t\t\t\t\t\t<\/div>\n\t\t\t\t<\/div>\n\t\t\t\t<div class=\"elementor-element elementor-element-30932d7 elementor-widget elementor-widget-image\" data-id=\"30932d7\" data-element_type=\"widget\" data-widget_type=\"image.default\">\n\t\t\t\t<div class=\"elementor-widget-container\">\n\t\t\t\t\t\t\t\t\t\t\t\t\t\t\t<img decoding=\"async\" width=\"1920\" height=\"1280\" src=\"https:\/\/easyfairsassets.com\/sites\/303\/2024\/03\/53612317288_95215abf67_o-1.jpg\" class=\"attachment-full size-full wp-image-71998\" alt=\"Smart Badge\" srcset=\"https:\/\/easyfairsassets.com\/sites\/303\/2024\/03\/53612317288_95215abf67_o-1.jpg 1920w, https:\/\/easyfairsassets.com\/sites\/303\/2024\/03\/53612317288_95215abf67_o-1-300x200.jpg 300w, https:\/\/easyfairsassets.com\/sites\/303\/2024\/03\/53612317288_95215abf67_o-1-1024x683.jpg 1024w, https:\/\/easyfairsassets.com\/sites\/303\/2024\/03\/53612317288_95215abf67_o-1-768x512.jpg 768w, https:\/\/easyfairsassets.com\/sites\/303\/2024\/03\/53612317288_95215abf67_o-1-1536x1024.jpg 1536w\" sizes=\"(max-width: 1920px) 100vw, 1920px\" \/>\t\t\t\t\t\t\t\t\t\t\t\t\t\t\t<\/div>\n\t\t\t\t<\/div>\n\t\t\t\t<\/div>\n\t\t\t\t<\/div>\n\t\t<div class=\"elementor-element elementor-element-b1ca730 e-con-full e-flex e-con e-parent\" data-id=\"b1ca730\" data-element_type=\"container\" data-settings=\"{&quot;background_background&quot;:&quot;classic&quot;}\">\n\t\t<div class=\"elementor-element elementor-element-df6778b e-con-full e-flex e-con e-child\" data-id=\"df6778b\" data-element_type=\"container\">\n\t\t\t\t<div class=\"elementor-element elementor-element-197af6e elementor-widget elementor-widget-heading\" data-id=\"197af6e\" data-element_type=\"widget\" data-widget_type=\"heading.default\">\n\t\t\t\t<div class=\"elementor-widget-container\">\n\t\t\t\t\t<h2 class=\"elementor-heading-title elementor-size-default\">Hoe de Smart Badge Reader gebruiken?<\/h2>\t\t\t\t<\/div>\n\t\t\t\t<\/div>\n\t\t\t\t<\/div>\n\t\t<div class=\"elementor-element elementor-element-1127de3 e-con-full e-flex e-con e-child\" data-id=\"1127de3\" data-element_type=\"container\">\n\t\t\t\t<div class=\"elementor-element elementor-element-527c035 elementor-view-default elementor-widget elementor-widget-icon\" data-id=\"527c035\" data-element_type=\"widget\" data-widget_type=\"icon.default\">\n\t\t\t\t<div class=\"elementor-widget-container\">\n\t\t\t\t\t\t\t<div class=\"elementor-icon-wrapper\">\n\t\t\t<div class=\"elementor-icon\">\n\t\t\t<i aria-hidden=\"true\" class=\"fas fa-check\"><\/i>\t\t\t<\/div>\n\t\t<\/div>\n\t\t\t\t\t\t<\/div>\n\t\t\t\t<\/div>\n\t\t\t\t<div class=\"elementor-element elementor-element-f5a895d elementor-widget elementor-widget-text-editor\" data-id=\"f5a895d\" data-element_type=\"widget\" data-widget_type=\"text-editor.default\">\n\t\t\t\t<div class=\"elementor-widget-container\">\n\t\t\t\t\t\t\t\t\t<p>U zal \u00e9\u00e9n of meerdere groene bordjes ontvangen hebben. Plaats deze op een goed zichtbare plek nabij het gangpad.\u00a0<span style=\"font-size: 1rem;\">Elke bezoeker die interesse toont kan zo eenvoudig de reader aanraken met zijn badge. Groen lichtje en biep? Actie geslaagd!<\/span><\/p>\t\t\t\t\t\t\t\t<\/div>\n\t\t\t\t<\/div>\n\t\t\t\t<\/div>\n\t\t<div class=\"elementor-element elementor-element-4f5b996 e-con-full e-flex e-con e-child\" data-id=\"4f5b996\" data-element_type=\"container\">\n\t\t\t\t<div class=\"elementor-element elementor-element-09b499a elementor-view-default elementor-widget elementor-widget-icon\" data-id=\"09b499a\" data-element_type=\"widget\" data-widget_type=\"icon.default\">\n\t\t\t\t<div class=\"elementor-widget-container\">\n\t\t\t\t\t\t\t<div class=\"elementor-icon-wrapper\">\n\t\t\t<div class=\"elementor-icon\">\n\t\t\t<i aria-hidden=\"true\" class=\"fas fa-envelope-open-text\"><\/i>\t\t\t<\/div>\n\t\t<\/div>\n\t\t\t\t\t\t<\/div>\n\t\t\t\t<\/div>\n\t\t\t\t<div class=\"elementor-element elementor-element-5db7be4 elementor-widget elementor-widget-text-editor\" data-id=\"5db7be4\" data-element_type=\"widget\" data-widget_type=\"text-editor.default\">\n\t\t\t\t<div class=\"elementor-widget-container\">\n\t\t\t\t\t\t\t\t\t<p>De dag na het event ontvangt u \u00e9\u00e9n e-mail met een overzicht van alle verzamelde informatie. Daarnaast kan u de gescande leads ook steeds terugvinden in My Easyfairs.<\/p>\t\t\t\t\t\t\t\t<\/div>\n\t\t\t\t<\/div>\n\t\t\t\t<\/div>\n\t\t<div class=\"elementor-element elementor-element-e61bde6 e-flex e-con-boxed e-con e-child\" data-id=\"e61bde6\" data-element_type=\"container\">\n\t\t\t\t\t<div class=\"e-con-inner\">\n\t\t\t\t<div class=\"elementor-element elementor-element-68b1ec7 elementor-view-default elementor-widget elementor-widget-icon\" data-id=\"68b1ec7\" data-element_type=\"widget\" data-widget_type=\"icon.default\">\n\t\t\t\t<div class=\"elementor-widget-container\">\n\t\t\t\t\t\t\t<div class=\"elementor-icon-wrapper\">\n\t\t\t<div class=\"elementor-icon\">\n\t\t\t<i aria-hidden=\"true\" class=\"fas fa-laptop\"><\/i>\t\t\t<\/div>\n\t\t<\/div>\n\t\t\t\t\t\t<\/div>\n\t\t\t\t<\/div>\n\t\t\t\t<div class=\"elementor-element elementor-element-8c0a3e4 elementor-widget elementor-widget-text-editor\" data-id=\"8c0a3e4\" data-element_type=\"widget\" data-widget_type=\"text-editor.default\">\n\t\t\t\t<div class=\"elementor-widget-container\">\n\t\t\t\t\t\t\t\t\t<p>Met de informatie uit de e-mail kan u contact opnemen met de desbetreffende bezoekers en hen meer informatie bezorgen of toevoegen aan uw database. De bezoeker ontving uw gegevens ook en kan ook zelf contact opnemen<\/p>\t\t\t\t\t\t\t\t<\/div>\n\t\t\t\t<\/div>\n\t\t\t\t\t<\/div>\n\t\t\t\t<\/div>\n\t\t\t\t<\/div>\n\t\t<div class=\"elementor-element elementor-element-fdb7d07 e-con-full e-flex e-con e-parent\" data-id=\"fdb7d07\" data-element_type=\"container\" data-settings=\"{&quot;background_background&quot;:&quot;classic&quot;}\">\n\t\t<div class=\"elementor-element elementor-element-7070c1b e-con-full e-flex e-con e-child\" data-id=\"7070c1b\" data-element_type=\"container\" data-settings=\"{&quot;background_background&quot;:&quot;classic&quot;}\">\n\t\t\t\t<div class=\"elementor-element elementor-element-d13fd93 elementor-widget elementor-widget-heading\" data-id=\"d13fd93\" data-element_type=\"widget\" data-widget_type=\"heading.default\">\n\t\t\t\t<div class=\"elementor-widget-container\">\n\t\t\t\t\t<h2 class=\"elementor-heading-title elementor-size-default\">Smart Badge<\/h2>\t\t\t\t<\/div>\n\t\t\t\t<\/div>\n\t\t\t\t<div class=\"elementor-element elementor-element-00427f8 elementor-widget elementor-widget-text-editor\" data-id=\"00427f8\" data-element_type=\"widget\" data-widget_type=\"text-editor.default\">\n\t\t\t\t<div class=\"elementor-widget-container\">\n\t\t\t\t\t\t\t\t\t<ul><li><b>Op initiatief van de bezoeker<\/b><\/li><li>Alle exposanten kunnen hun info verspreiden via de reader (info opgeladen op My Easyfairs)<\/li><li><b>Geen gesprek nodig<\/b> met de bezoeker, installeer de reader op uw stand en zij krijgen automatisch uw informatie toegestuurd.<\/li><li>De <b>exposanten ontvangen een bezoekerslijst<\/b> met data uit de registratie als ze bij u op de stand gescand hebben.<br \/><br \/><\/li><\/ul><p><strong>Voorbereiding<\/strong>: zet zoveel mogelijk bedrijfsinfo op My Easyfairs. U krijgt tijdens de opbouw de reader op uw stand geleverd.<\/p>\t\t\t\t\t\t\t\t<\/div>\n\t\t\t\t<\/div>\n\t\t\t\t<div class=\"elementor-element elementor-element-638bff9 elementor-widget elementor-widget-video\" data-id=\"638bff9\" data-element_type=\"widget\" data-settings=\"{&quot;youtube_url&quot;:&quot;https:\\\/\\\/youtu.be\\\/ikKCfzrS3nQ?si=oJEI_rKZbgLItf98&quot;,&quot;video_type&quot;:&quot;youtube&quot;,&quot;controls&quot;:&quot;yes&quot;}\" data-widget_type=\"video.default\">\n\t\t\t\t<div class=\"elementor-widget-container\">\n\t\t\t\t\t\t\t<div class=\"elementor-wrapper elementor-open-inline\">\n\t\t\t<div class=\"elementor-video\"><\/div>\t\t<\/div>\n\t\t\t\t\t\t<\/div>\n\t\t\t\t<\/div>\n\t\t\t\t<\/div>\n\t\t<div class=\"elementor-element elementor-element-6aeb73c e-flex e-con-boxed e-con e-child\" data-id=\"6aeb73c\" data-element_type=\"container\" data-settings=\"{&quot;background_background&quot;:&quot;classic&quot;}\">\n\t\t\t\t\t<div class=\"e-con-inner\">\n\t\t\t\t<div class=\"elementor-element elementor-element-835d993 elementor-widget elementor-widget-heading\" data-id=\"835d993\" data-element_type=\"widget\" data-widget_type=\"heading.default\">\n\t\t\t\t<div class=\"elementor-widget-container\">\n\t\t\t\t\t<h2 class=\"elementor-heading-title elementor-size-default\">Visit Connect<\/h2>\t\t\t\t<\/div>\n\t\t\t\t<\/div>\n\t\t\t\t<div class=\"elementor-element elementor-element-72ca30c elementor-widget elementor-widget-text-editor\" data-id=\"72ca30c\" data-element_type=\"widget\" data-widget_type=\"text-editor.default\">\n\t\t\t\t<div class=\"elementor-widget-container\">\n\t\t\t\t\t\t\t\t\t<ul><li><b>Op initiatief van de exposant.<\/b><\/li><li>Deze app is <b>beschikbaar voor alle exposanten<\/b><\/li><li>U kan de app op alle toestellen installeren.<\/li><li>Kwalificeer leads door vragen te stellen en notities te nemen in de app.<\/li><li>Verzamel <b>alle informatie op \u00e9\u00e9n punt.<\/b><br \/>Lead opvolging: contacteer de bezoeker na de beurs.<p>\u00a0<\/p><\/li><\/ul><p><b style=\"background-color: transparent;\">Voorbereiding<\/b><span style=\"background-color: transparent;\">: Elke bezoeker ontvangt bij het binnenkomen van de beurs een bezoekersbadge met QR-code op.<\/span><\/p>\t\t\t\t\t\t\t\t<\/div>\n\t\t\t\t<\/div>\n\t\t\t\t<div class=\"elementor-element elementor-element-23d895b elementor-widget elementor-widget-video\" data-id=\"23d895b\" data-element_type=\"widget\" data-settings=\"{&quot;youtube_url&quot;:&quot;https:\\\/\\\/www.youtube.com\\\/watch?v=0AuJytt9Ajc&quot;,&quot;video_type&quot;:&quot;youtube&quot;,&quot;controls&quot;:&quot;yes&quot;}\" data-widget_type=\"video.default\">\n\t\t\t\t<div class=\"elementor-widget-container\">\n\t\t\t\t\t\t\t<div class=\"elementor-wrapper elementor-open-inline\">\n\t\t\t<div class=\"elementor-video\"><\/div>\t\t<\/div>\n\t\t\t\t\t\t<\/div>\n\t\t\t\t<\/div>\n\t\t\t\t\t<\/div>\n\t\t\t\t<\/div>\n\t\t\t\t<\/div>\n\t\t\t\t<\/div>\n\t\t","protected":false},"excerpt":{"rendered":"<p>Smart Badge vs Visit Connect Effici\u00ebnte Leadopvolging met onze tools Hoe de Smart Badge Reader gebruiken? U zal \u00e9\u00e9n of meerdere groene bordjes ontvangen hebben. Plaats deze op een goed zichtbare plek nabij het gangpad.\u00a0Elke bezoeker die interesse toont kan zo eenvoudig de reader aanraken met zijn badge. Groen lichtje en biep? Actie geslaagd! De [&hellip;]<\/p>\n","protected":false},"author":219,"featured_media":91311,"parent":0,"menu_order":0,"comment_status":"closed","ping_status":"closed","template":"elementor_header_footer","meta":{"_seopress_robots_primary_cat":"","_seopress_titles_title":"Smart Badge Technologie - Advanced Engineering","_seopress_titles_desc":"Vind hier meer informatie over onze Smart Badge Technologie tijdens uw bezoek aan Advanced Engineering.","_seopress_robots_index":"","footnotes":""},"class_list":["post-112883","page","type-page","status-publish","has-post-thumbnail","hentry"],"_links":{"self":[{"href":"https:\/\/www.ae-expo.be\/nl\/wp-json\/wp\/v2\/pages\/112883","targetHints":{"allow":["GET"]}}],"collection":[{"href":"https:\/\/www.ae-expo.be\/nl\/wp-json\/wp\/v2\/pages"}],"about":[{"href":"https:\/\/www.ae-expo.be\/nl\/wp-json\/wp\/v2\/types\/page"}],"author":[{"embeddable":true,"href":"https:\/\/www.ae-expo.be\/nl\/wp-json\/wp\/v2\/users\/219"}],"replies":[{"embeddable":true,"href":"https:\/\/www.ae-expo.be\/nl\/wp-json\/wp\/v2\/comments?post=112883"}],"version-history":[{"count":5,"href":"https:\/\/www.ae-expo.be\/nl\/wp-json\/wp\/v2\/pages\/112883\/revisions"}],"predecessor-version":[{"id":115593,"href":"https:\/\/www.ae-expo.be\/nl\/wp-json\/wp\/v2\/pages\/112883\/revisions\/115593"}],"wp:featuredmedia":[{"embeddable":true,"href":"https:\/\/www.ae-expo.be\/nl\/wp-json\/wp\/v2\/media\/91311"}],"wp:attachment":[{"href":"https:\/\/www.ae-expo.be\/nl\/wp-json\/wp\/v2\/media?parent=112883"}],"curies":[{"name":"wp","href":"https:\/\/api.w.org\/{rel}","templated":true}]}}