{"id":112853,"date":"2025-12-08T14:39:14","date_gmt":"2025-12-08T13:39:14","guid":{"rendered":"https:\/\/www.ae-expo.be\/?page_id=112853"},"modified":"2026-02-25T11:52:10","modified_gmt":"2026-02-25T10:52:10","slug":"easyfairs-belgium-app-voor-exposanten","status":"publish","type":"page","link":"https:\/\/www.ae-expo.be\/nl\/easyfairs-belgium-app-voor-exposanten\/","title":{"rendered":"Easyfairs Belgium app voor exposanten"},"content":{"rendered":"\t\t<div data-elementor-type=\"wp-post\" data-elementor-id=\"112853\" class=\"elementor elementor-112853\" data-elementor-post-type=\"page\">\n\t\t\t\t<div class=\"elementor-element elementor-element-646c6b7 e-con-full e-flex e-con e-parent\" data-id=\"646c6b7\" data-element_type=\"container\" data-settings=\"{&quot;background_background&quot;:&quot;classic&quot;}\">\n\t\t<div class=\"elementor-element elementor-element-4f4add9 e-con-full e-flex e-con e-child\" data-id=\"4f4add9\" data-element_type=\"container\">\n\t\t<div class=\"elementor-element elementor-element-8506200 e-con-full e-flex e-con e-child\" data-id=\"8506200\" data-element_type=\"container\">\n\t\t\t\t<div class=\"elementor-element elementor-element-19029ee elementor-widget elementor-widget-heading\" data-id=\"19029ee\" data-element_type=\"widget\" data-widget_type=\"heading.default\">\n\t\t\t\t<div class=\"elementor-widget-container\">\n\t\t\t\t\t<h1 class=\"elementor-heading-title elementor-size-default\">Easyfairs Belgium App<\/h1>\t\t\t\t<\/div>\n\t\t\t\t<\/div>\n\t\t\t\t<div class=\"elementor-element elementor-element-b60316b elementor-widget elementor-widget-text-editor\" data-id=\"b60316b\" data-element_type=\"widget\" data-widget_type=\"text-editor.default\">\n\t\t\t\t<div class=\"elementor-widget-container\">\n\t\t\t\t\t\t\t\t\t<p>voor exposanten: optimaliseer uw beursdeelname met de app.<\/p>\t\t\t\t\t\t\t\t<\/div>\n\t\t\t\t<\/div>\n\t\t\t\t<\/div>\n\t\t<div class=\"elementor-element elementor-element-e86bf05 e-con-full e-flex e-con e-child\" data-id=\"e86bf05\" data-element_type=\"container\">\n\t\t\t\t<div class=\"elementor-element elementor-element-c055ea7 elementor-widget elementor-widget-text-editor\" data-id=\"c055ea7\" data-element_type=\"widget\" data-widget_type=\"text-editor.default\">\n\t\t\t\t<div class=\"elementor-widget-container\">\n\t\t\t\t\t\t\t\t\t<p>Download&nbsp;<span style=\"font-size: 1rem;\">de app:<\/span><\/p>\t\t\t\t\t\t\t\t<\/div>\n\t\t\t\t<\/div>\n\t\t\t\t<div class=\"elementor-element elementor-element-5a34932 elementor-view-default elementor-widget elementor-widget-icon\" data-id=\"5a34932\" data-element_type=\"widget\" data-widget_type=\"icon.default\">\n\t\t\t\t<div class=\"elementor-widget-container\">\n\t\t\t\t\t\t\t<div class=\"elementor-icon-wrapper\">\n\t\t\t<a class=\"elementor-icon\" href=\"https:\/\/apps.apple.com\/nl\/app\/easyfairs-belgium\/id6680193572\">\n\t\t\t<i aria-hidden=\"true\" class=\"fab fa-app-store-ios\"><\/i>\t\t\t<\/a>\n\t\t<\/div>\n\t\t\t\t\t\t<\/div>\n\t\t\t\t<\/div>\n\t\t\t\t<div class=\"elementor-element elementor-element-c43fabe elementor-view-default elementor-widget elementor-widget-icon\" data-id=\"c43fabe\" data-element_type=\"widget\" data-widget_type=\"icon.default\">\n\t\t\t\t<div class=\"elementor-widget-container\">\n\t\t\t\t\t\t\t<div class=\"elementor-icon-wrapper\">\n\t\t\t<a class=\"elementor-icon\" href=\"https:\/\/play.google.com\/store\/apps\/details?id=events.grip.efbe1047&#038;hl=en\">\n\t\t\t<i aria-hidden=\"true\" class=\"fab fa-google-play\"><\/i>\t\t\t<\/a>\n\t\t<\/div>\n\t\t\t\t\t\t<\/div>\n\t\t\t\t<\/div>\n\t\t\t\t<\/div>\n\t\t\t\t<\/div>\n\t\t\t\t<\/div>\n\t\t<div class=\"elementor-element elementor-element-366a1cd e-con-full e-flex e-con e-parent\" data-id=\"366a1cd\" data-element_type=\"container\" data-settings=\"{&quot;background_background&quot;:&quot;classic&quot;}\">\n\t\t<div class=\"elementor-element elementor-element-f550194 e-flex e-con-boxed e-con e-child\" data-id=\"f550194\" data-element_type=\"container\">\n\t\t\t\t\t<div class=\"e-con-inner\">\n\t\t\t\t<div class=\"elementor-element elementor-element-7bfb68c elementor-widget elementor-widget-heading\" data-id=\"7bfb68c\" data-element_type=\"widget\" data-widget_type=\"heading.default\">\n\t\t\t\t<div class=\"elementor-widget-container\">\n\t\t\t\t\t<h2 class=\"elementor-heading-title elementor-size-default\">Wat is de Easyfairs Belgium App?<\/h2>\t\t\t\t<\/div>\n\t\t\t\t<\/div>\n\t\t\t\t<div class=\"elementor-element elementor-element-a0916b2 elementor-widget elementor-widget-text-editor\" data-id=\"a0916b2\" data-element_type=\"widget\" data-widget_type=\"text-editor.default\">\n\t\t\t\t<div class=\"elementor-widget-container\">\n\t\t\t\t\t\t\t\t\t<p>De <b>Easyfairs Belgium app<\/b> gaat veel verder dan het beheren van uw planning. Het is <b>uw persoonlijke b<\/b>eursassistent, vanaf de voorbereiding tot lang na het event. Door uw bedrijfsprofiel via My Easyfairs te koppelen, worden uw gegevens automatisch ingevuld. U hoeft alleen nog uw agenda te plannen en uw teamleden uit te nodigen, <b>zodat bezoekers vooraf contact kunnen opnemen en afspraken kunnen inboeken.<\/b><\/p><p>De app geeft u bovendien <b>gepersonaliseerde aanbevelingen<\/b> op basis van uw interesses en professionele doelen. Zo ontdekt u automatisch relevante bezoekers en bouwt u moeiteloos waardevolle connecties op. <b>Communiceren, afspraken maken en uw aanwezigheid afstemmen op uw noden wordt eenvoudiger dan ooit.<\/b><\/p>\t\t\t\t\t\t\t\t<\/div>\n\t\t\t\t<\/div>\n\t\t\t\t\t<\/div>\n\t\t\t\t<\/div>\n\t\t<div class=\"elementor-element elementor-element-77df7a7 e-flex e-con-boxed e-con e-child\" data-id=\"77df7a7\" data-element_type=\"container\" data-settings=\"{&quot;background_background&quot;:&quot;classic&quot;}\">\n\t\t\t\t\t<div class=\"e-con-inner\">\n\t\t<div class=\"elementor-element elementor-element-94416ae e-con-full e-flex e-con e-child\" data-id=\"94416ae\" data-element_type=\"container\" data-settings=\"{&quot;background_background&quot;:&quot;classic&quot;}\">\n\t\t\t\t<div class=\"elementor-element elementor-element-3198a99 elementor-view-default elementor-widget elementor-widget-icon\" data-id=\"3198a99\" data-element_type=\"widget\" data-widget_type=\"icon.default\">\n\t\t\t\t<div class=\"elementor-widget-container\">\n\t\t\t\t\t\t\t<div class=\"elementor-icon-wrapper\">\n\t\t\t<div class=\"elementor-icon\">\n\t\t\t<i aria-hidden=\"true\" class=\"far fa-calendar-alt\"><\/i>\t\t\t<\/div>\n\t\t<\/div>\n\t\t\t\t\t\t<\/div>\n\t\t\t\t<\/div>\n\t\t\t\t<div class=\"elementor-element elementor-element-2c2d2fc elementor-widget elementor-widget-heading\" data-id=\"2c2d2fc\" data-element_type=\"widget\" data-widget_type=\"heading.default\">\n\t\t\t\t<div class=\"elementor-widget-container\">\n\t\t\t\t\t<h2 class=\"elementor-heading-title elementor-size-default\">Bereid uw deelname voor<\/h2>\t\t\t\t<\/div>\n\t\t\t\t<\/div>\n\t\t\t\t<div class=\"elementor-element elementor-element-9507c00 elementor-widget elementor-widget-text-editor\" data-id=\"9507c00\" data-element_type=\"widget\" data-widget_type=\"text-editor.default\">\n\t\t\t\t<div class=\"elementor-widget-container\">\n\t\t\t\t\t\t\t\t\t<p>Een goede voorbereiding is de sleutel tot een geslaagde beursdeelname aan Advanced Engineering. Met de nieuwe app plant u uw afspraken in een paar klikken, <strong>zodat u meteen het maximale uit uw dag haalt.<\/strong><\/p>\t\t\t\t\t\t\t\t<\/div>\n\t\t\t\t<\/div>\n\t\t\t\t<\/div>\n\t\t<div class=\"elementor-element elementor-element-266b74a e-con-full e-flex e-con e-child\" data-id=\"266b74a\" data-element_type=\"container\" data-settings=\"{&quot;background_background&quot;:&quot;classic&quot;}\">\n\t\t\t\t<div class=\"elementor-element elementor-element-732d54f elementor-view-default elementor-widget elementor-widget-icon\" data-id=\"732d54f\" data-element_type=\"widget\" data-widget_type=\"icon.default\">\n\t\t\t\t<div class=\"elementor-widget-container\">\n\t\t\t\t\t\t\t<div class=\"elementor-icon-wrapper\">\n\t\t\t<div class=\"elementor-icon\">\n\t\t\t<i aria-hidden=\"true\" class=\"far fa-handshake\"><\/i>\t\t\t<\/div>\n\t\t<\/div>\n\t\t\t\t\t\t<\/div>\n\t\t\t\t<\/div>\n\t\t\t\t<div class=\"elementor-element elementor-element-d7074fd elementor-widget elementor-widget-heading\" data-id=\"d7074fd\" data-element_type=\"widget\" data-widget_type=\"heading.default\">\n\t\t\t\t<div class=\"elementor-widget-container\">\n\t\t\t\t\t<h2 class=\"elementor-heading-title elementor-size-default\">Ontvang suggesties<\/h2>\t\t\t\t<\/div>\n\t\t\t\t<\/div>\n\t\t\t\t<div class=\"elementor-element elementor-element-1ec2242 elementor-widget elementor-widget-text-editor\" data-id=\"1ec2242\" data-element_type=\"widget\" data-widget_type=\"text-editor.default\">\n\t\t\t\t<div class=\"elementor-widget-container\">\n\t\t\t\t\t\t\t\t\t<p>Ontvang <strong>persoonlijke suggesties<\/strong> voor de meest interessante mensen om te ontmoeten.\u00a0Een slim algoritme analyseert uw voorkeuren en stelt u meteen de meest relevante connecties voor.<\/p>\t\t\t\t\t\t\t\t<\/div>\n\t\t\t\t<\/div>\n\t\t\t\t<\/div>\n\t\t<div class=\"elementor-element elementor-element-76d4e4c e-con-full e-flex e-con e-child\" data-id=\"76d4e4c\" data-element_type=\"container\" data-settings=\"{&quot;background_background&quot;:&quot;classic&quot;}\">\n\t\t\t\t<div class=\"elementor-element elementor-element-146b544 elementor-view-default elementor-widget elementor-widget-icon\" data-id=\"146b544\" data-element_type=\"widget\" data-widget_type=\"icon.default\">\n\t\t\t\t<div class=\"elementor-widget-container\">\n\t\t\t\t\t\t\t<div class=\"elementor-icon-wrapper\">\n\t\t\t<div class=\"elementor-icon\">\n\t\t\t<i aria-hidden=\"true\" class=\"fas fa-microphone\"><\/i>\t\t\t<\/div>\n\t\t<\/div>\n\t\t\t\t\t\t<\/div>\n\t\t\t\t<\/div>\n\t\t\t\t<div class=\"elementor-element elementor-element-bdac3ab elementor-widget elementor-widget-heading\" data-id=\"bdac3ab\" data-element_type=\"widget\" data-widget_type=\"heading.default\">\n\t\t\t\t<div class=\"elementor-widget-container\">\n\t\t\t\t\t<h2 class=\"elementor-heading-title elementor-size-default\">Kies uw programma <\/h2>\t\t\t\t<\/div>\n\t\t\t\t<\/div>\n\t\t\t\t<div class=\"elementor-element elementor-element-47926a1 elementor-widget elementor-widget-text-editor\" data-id=\"47926a1\" data-element_type=\"widget\" data-widget_type=\"text-editor.default\">\n\t\t\t\t<div class=\"elementor-widget-container\">\n\t\t\t\t\t\t\t\t\t<p><strong>U blijft altijd up-to-date<\/strong> en mist geen enkele belangrijke sessie. Verken het conferentie-programma, ontdek de sprekers en onderwerpen, en voeg met \u00e9\u00e9n klik de sessies toe die u zeker wilt bijwonen.<\/p>\t\t\t\t\t\t\t\t<\/div>\n\t\t\t\t<\/div>\n\t\t\t\t<\/div>\n\t\t\t\t\t<\/div>\n\t\t\t\t<\/div>\n\t\t\t\t<\/div>\n\t\t<div class=\"elementor-element elementor-element-5e4c1c2 e-con-full e-flex e-con e-parent\" data-id=\"5e4c1c2\" data-element_type=\"container\" data-settings=\"{&quot;background_background&quot;:&quot;classic&quot;}\">\n\t\t<div class=\"elementor-element elementor-element-c8c980a e-flex e-con-boxed e-con e-child\" data-id=\"c8c980a\" data-element_type=\"container\">\n\t\t\t\t\t<div class=\"e-con-inner\">\n\t\t<div class=\"elementor-element elementor-element-dce47ee e-con-full e-flex e-con e-child\" data-id=\"dce47ee\" data-element_type=\"container\">\n\t\t\t\t<div class=\"elementor-element elementor-element-1146788 elementor-widget elementor-widget-heading\" data-id=\"1146788\" data-element_type=\"widget\" data-widget_type=\"heading.default\">\n\t\t\t\t<div class=\"elementor-widget-container\">\n\t\t\t\t\t<h2 class=\"elementor-heading-title elementor-size-default\">Voordelen van de app<\/h2>\t\t\t\t<\/div>\n\t\t\t\t<\/div>\n\t\t\t\t<div class=\"elementor-element elementor-element-bcb3280 elementor-widget elementor-widget-text-editor\" data-id=\"bcb3280\" data-element_type=\"widget\" data-widget_type=\"text-editor.default\">\n\t\t\t\t<div class=\"elementor-widget-container\">\n\t\t\t\t\t\t\t\t\t<p><strong>\ud83d\udcc8 Netwerkboost<br \/><\/strong>Vergroot de zichtbaarheid van u bedrijf en ontmoet de juiste mensen<br \/><br \/><strong>\ud83d\udcc5 Afsprakenplanner<\/strong> Bezoekers kunnen vooraf meetings boeken, wat tijdswinst oplevert<br \/><br \/><strong>\ud83d\udcac Snelle communicatie<\/strong> <br \/>Chat met ge\u00efnteresseerde contacten v\u00f3\u00f3r, tijdens en na de beurs<br \/><br \/><strong>\ud83e\udded Persoonlijke aanbevelingen<\/strong> <br \/>Krijg suggesties op maat van u profiel en interesses<br \/><br \/><strong>\ud83d\udd10 My Easyfairs-integratie<\/strong> <br \/>Alle info netjes gekoppeld en op \u00e9\u00e9n plek beschikbaar<\/p>\t\t\t\t\t\t\t\t<\/div>\n\t\t\t\t<\/div>\n\t\t\t\t<\/div>\n\t\t<div class=\"elementor-element elementor-element-a119fc6 e-con-full e-flex e-con e-child\" data-id=\"a119fc6\" data-element_type=\"container\" data-settings=\"{&quot;background_background&quot;:&quot;classic&quot;}\">\n\t\t\t\t<\/div>\n\t\t\t\t\t<\/div>\n\t\t\t\t<\/div>\n\t\t\t\t<\/div>\n\t\t<div class=\"elementor-element elementor-element-791296c e-con-full e-flex e-con e-parent\" data-id=\"791296c\" data-element_type=\"container\" data-settings=\"{&quot;background_background&quot;:&quot;classic&quot;}\">\n\t\t<div class=\"elementor-element elementor-element-ada2f73 e-flex e-con-boxed e-con e-child\" data-id=\"ada2f73\" data-element_type=\"container\">\n\t\t\t\t\t<div class=\"e-con-inner\">\n\t\t<div class=\"elementor-element elementor-element-2bd1718 e-con-full e-flex e-con e-child\" data-id=\"2bd1718\" data-element_type=\"container\">\n\t\t\t\t<div class=\"elementor-element elementor-element-23ff2cf elementor-widget elementor-widget-heading\" data-id=\"23ff2cf\" data-element_type=\"widget\" data-widget_type=\"heading.default\">\n\t\t\t\t<div class=\"elementor-widget-container\">\n\t\t\t\t\t<h2 class=\"elementor-heading-title elementor-size-default\">Hoe werkt het?<\/h2>\t\t\t\t<\/div>\n\t\t\t\t<\/div>\n\t\t\t\t<div class=\"elementor-element elementor-element-2d2a3e5 elementor-widget__width-initial elementor-widget elementor-widget-text-editor\" data-id=\"2d2a3e5\" data-element_type=\"widget\" data-widget_type=\"text-editor.default\">\n\t\t\t\t<div class=\"elementor-widget-container\">\n\t\t\t\t\t\t\t\t\t<ol>\n<li><b>Registreer uw standpersoneel: <\/b>Zodra uw standpersoneel is geregistreerd werd, ontvangen zij automatisch een e-mailuitnodiging om hun persoonlijke account in de Easyfairs Belgium app aan te maken.<br><br><\/li>\n<li><b>Stel uw profiel in:<\/b> Vul uw gebruikersprofiel in en geef aan wat uw interesses zijn en waar u naar op zoek bent tijdens het event. Zo ontvangt u relevante connecties en aanbevelingen op maat.<br><br><\/li>\n<li><b>Download de app:<\/b> Installeer de app op uw toestel en begin meteen met het plannen van afspraken, het leggen van connecties en het beheren van uw beursdeelname waar en wanneer u maar wilt.<\/li>\n<\/ol>\t\t\t\t\t\t\t\t<\/div>\n\t\t\t\t<\/div>\n\t\t\t\t<\/div>\n\t\t<div class=\"elementor-element elementor-element-9c68f84 e-con-full e-flex e-con e-child\" data-id=\"9c68f84\" data-element_type=\"container\" data-settings=\"{&quot;background_background&quot;:&quot;classic&quot;}\">\n\t\t\t\t<\/div>\n\t\t\t\t\t<\/div>\n\t\t\t\t<\/div>\n\t\t\t\t<\/div>\n\t\t<div class=\"elementor-element elementor-element-8d79a73 e-con-full e-flex e-con e-parent\" data-id=\"8d79a73\" data-element_type=\"container\" data-settings=\"{&quot;background_background&quot;:&quot;classic&quot;}\">\n\t\t<div class=\"elementor-element elementor-element-f4b66df e-flex e-con-boxed e-con e-child\" data-id=\"f4b66df\" data-element_type=\"container\">\n\t\t\t\t\t<div class=\"e-con-inner\">\n\t\t<div class=\"elementor-element elementor-element-d43387f e-con-full e-flex e-con e-child\" data-id=\"d43387f\" data-element_type=\"container\">\n\t\t<div class=\"elementor-element elementor-element-d0d8dc7 e-con-full e-flex e-con e-child\" data-id=\"d0d8dc7\" data-element_type=\"container\">\n\t\t\t\t<div class=\"elementor-element elementor-element-5fb16ff elementor-widget elementor-widget-heading\" data-id=\"5fb16ff\" data-element_type=\"widget\" data-widget_type=\"heading.default\">\n\t\t\t\t<div class=\"elementor-widget-container\">\n\t\t\t\t\t<h2 class=\"elementor-heading-title elementor-size-default\">Haal het maximale uit uw bezoek aan Advanced Engineering<\/h2>\t\t\t\t<\/div>\n\t\t\t\t<\/div>\n\t\t\t\t<div class=\"elementor-element elementor-element-2639032 elementor-widget elementor-widget-text-editor\" data-id=\"2639032\" data-element_type=\"widget\" data-widget_type=\"text-editor.default\">\n\t\t\t\t<div class=\"elementor-widget-container\">\n\t\t\t\t\t\t\t\t\t<p><br \/>Optimaliseer uw beursbezoek, maak nieuwe connecties en blijf op de hoogte van alles wat Advanced Engineering te bieden heeft<\/p>\t\t\t\t\t\t\t\t<\/div>\n\t\t\t\t<\/div>\n\t\t\t\t<\/div>\n\t\t<div class=\"elementor-element elementor-element-76c9956 e-con-full e-flex e-con e-child\" data-id=\"76c9956\" data-element_type=\"container\">\n\t\t\t\t<div class=\"elementor-element elementor-element-bbac684 elementor-widget elementor-widget-text-editor\" data-id=\"bbac684\" data-element_type=\"widget\" data-widget_type=\"text-editor.default\">\n\t\t\t\t<div class=\"elementor-widget-container\">\n\t\t\t\t\t\t\t\t\t<p>Download\u00a0<span style=\"font-size: 1rem;\">de app:<\/span><\/p>\t\t\t\t\t\t\t\t<\/div>\n\t\t\t\t<\/div>\n\t\t\t\t<div class=\"elementor-element elementor-element-e4e9625 elementor-view-default elementor-widget elementor-widget-icon\" data-id=\"e4e9625\" data-element_type=\"widget\" data-widget_type=\"icon.default\">\n\t\t\t\t<div class=\"elementor-widget-container\">\n\t\t\t\t\t\t\t<div class=\"elementor-icon-wrapper\">\n\t\t\t<a class=\"elementor-icon\" href=\"https:\/\/apps.apple.com\/nl\/app\/easyfairs-belgium\/id6680193572\">\n\t\t\t<i aria-hidden=\"true\" class=\"fab fa-app-store-ios\"><\/i>\t\t\t<\/a>\n\t\t<\/div>\n\t\t\t\t\t\t<\/div>\n\t\t\t\t<\/div>\n\t\t\t\t<div class=\"elementor-element elementor-element-2dcff4e elementor-view-default elementor-widget elementor-widget-icon\" data-id=\"2dcff4e\" data-element_type=\"widget\" data-widget_type=\"icon.default\">\n\t\t\t\t<div class=\"elementor-widget-container\">\n\t\t\t\t\t\t\t<div class=\"elementor-icon-wrapper\">\n\t\t\t<a class=\"elementor-icon\" href=\"https:\/\/play.google.com\/store\/apps\/details?id=events.grip.efbe1047&#038;hl=en\">\n\t\t\t<i aria-hidden=\"true\" class=\"fab fa-google-play\"><\/i>\t\t\t<\/a>\n\t\t<\/div>\n\t\t\t\t\t\t<\/div>\n\t\t\t\t<\/div>\n\t\t\t\t<\/div>\n\t\t\t\t<\/div>\n\t\t<div class=\"elementor-element elementor-element-14a703d e-con-full e-flex e-con e-child\" data-id=\"14a703d\" data-element_type=\"container\" data-settings=\"{&quot;background_background&quot;:&quot;classic&quot;}\">\n\t\t\t\t<\/div>\n\t\t\t\t\t<\/div>\n\t\t\t\t<\/div>\n\t\t\t\t<\/div>\n\t\t\t\t<\/div>\n\t\t","protected":false},"excerpt":{"rendered":"<p>Easyfairs Belgium App voor exposanten<\/p>\n<p>&nbsp;<\/p>\n","protected":false},"author":219,"featured_media":0,"parent":0,"menu_order":0,"comment_status":"closed","ping_status":"closed","template":"elementor_header_footer","meta":{"_seopress_robots_primary_cat":"","_seopress_titles_title":"Easyfairs Belgium App voor exposanten","_seopress_titles_desc":"Easyfairs Belgium App voor exposanten. Optimaliseer uw beursdeelname met de app.","_seopress_robots_index":"","footnotes":""},"class_list":["post-112853","page","type-page","status-publish","hentry"],"_links":{"self":[{"href":"https:\/\/www.ae-expo.be\/nl\/wp-json\/wp\/v2\/pages\/112853","targetHints":{"allow":["GET"]}}],"collection":[{"href":"https:\/\/www.ae-expo.be\/nl\/wp-json\/wp\/v2\/pages"}],"about":[{"href":"https:\/\/www.ae-expo.be\/nl\/wp-json\/wp\/v2\/types\/page"}],"author":[{"embeddable":true,"href":"https:\/\/www.ae-expo.be\/nl\/wp-json\/wp\/v2\/users\/219"}],"replies":[{"embeddable":true,"href":"https:\/\/www.ae-expo.be\/nl\/wp-json\/wp\/v2\/comments?post=112853"}],"version-history":[{"count":5,"href":"https:\/\/www.ae-expo.be\/nl\/wp-json\/wp\/v2\/pages\/112853\/revisions"}],"predecessor-version":[{"id":116520,"href":"https:\/\/www.ae-expo.be\/nl\/wp-json\/wp\/v2\/pages\/112853\/revisions\/116520"}],"wp:attachment":[{"href":"https:\/\/www.ae-expo.be\/nl\/wp-json\/wp\/v2\/media?parent=112853"}],"curies":[{"name":"wp","href":"https:\/\/api.w.org\/{rel}","templated":true}]}}