{"id":117713,"date":"2026-04-22T13:50:17","date_gmt":"2026-04-22T11:50:17","guid":{"rendered":"https:\/\/www.ae-expo.be\/formules-de-stand\/"},"modified":"2026-04-22T13:50:20","modified_gmt":"2026-04-22T11:50:20","slug":"formules-de-stand","status":"publish","type":"page","link":"https:\/\/www.ae-expo.be\/fr\/formules-de-stand\/","title":{"rendered":"FORMULES DE STAND"},"content":{"rendered":"\t\t<div data-elementor-type=\"wp-page\" data-elementor-id=\"117713\" class=\"elementor elementor-117713 elementor-117677\" data-elementor-post-type=\"page\">\n\t\t\t\t<div class=\"elementor-element elementor-element-c62dca6 e-flex e-con-boxed e-con e-parent\" data-id=\"c62dca6\" data-element_type=\"container\" data-settings=\"{&quot;background_background&quot;:&quot;classic&quot;}\">\n\t\t\t\t\t<div class=\"e-con-inner\">\n\t\t\t\t<div class=\"elementor-element elementor-element-df983ef elementor-widget elementor-widget-heading\" data-id=\"df983ef\" data-element_type=\"widget\" data-widget_type=\"heading.default\">\n\t\t\t\t<div class=\"elementor-widget-container\">\n\t\t\t\t\t<h1 class=\"elementor-heading-title elementor-size-default\">FORMULES DE STAND<\/h1>\t\t\t\t<\/div>\n\t\t\t\t<\/div>\n\t\t<div class=\"elementor-element elementor-element-4228343 e-grid e-con-boxed e-con e-child\" data-id=\"4228343\" data-element_type=\"container\">\n\t\t\t\t\t<div class=\"e-con-inner\">\n\t\t<div class=\"elementor-element elementor-element-b1001a6 e-flex e-con-boxed e-con e-child\" data-id=\"b1001a6\" data-element_type=\"container\" data-settings=\"{&quot;background_background&quot;:&quot;classic&quot;}\">\n\t\t\t\t\t<div class=\"e-con-inner\">\n\t\t\t\t<div class=\"elementor-element elementor-element-77ac243 elementor-widget elementor-widget-heading\" data-id=\"77ac243\" data-element_type=\"widget\" data-widget_type=\"heading.default\">\n\t\t\t\t<div class=\"elementor-widget-container\">\n\t\t\t\t\t<h2 class=\"elementor-heading-title elementor-size-default\">All-In Stand<\/h2>\t\t\t\t<\/div>\n\t\t\t\t<\/div>\n\t\t\t\t<div class=\"elementor-element elementor-element-7ede72a elementor-widget elementor-widget-image\" data-id=\"7ede72a\" data-element_type=\"widget\" data-widget_type=\"image.default\">\n\t\t\t\t<div class=\"elementor-widget-container\">\n\t\t\t\t\t\t\t\t\t\t\t\t\t\t\t<img fetchpriority=\"high\" decoding=\"async\" width=\"768\" height=\"513\" src=\"https:\/\/easyfairsassets.com\/sites\/303\/2026\/04\/All-in-Matrix-White-1-768x513.jpg\" class=\"attachment-medium_large size-medium_large wp-image-117695\" alt=\"\" srcset=\"https:\/\/easyfairsassets.com\/sites\/303\/2026\/04\/All-in-Matrix-White-1-768x513.jpg 768w, https:\/\/easyfairsassets.com\/sites\/303\/2026\/04\/All-in-Matrix-White-1-300x200.jpg 300w, https:\/\/easyfairsassets.com\/sites\/303\/2026\/04\/All-in-Matrix-White-1-1024x684.jpg 1024w, https:\/\/easyfairsassets.com\/sites\/303\/2026\/04\/All-in-Matrix-White-1-1536x1026.jpg 1536w, https:\/\/easyfairsassets.com\/sites\/303\/2026\/04\/All-in-Matrix-White-1.jpg 1920w\" sizes=\"(max-width: 768px) 100vw, 768px\" \/>\t\t\t\t\t\t\t\t\t\t\t\t\t\t\t<\/div>\n\t\t\t\t<\/div>\n\t\t\t\t<div class=\"elementor-element elementor-element-b9d68ea elementor-widget elementor-widget-text-editor\" data-id=\"b9d68ea\" data-element_type=\"widget\" data-widget_type=\"text-editor.default\">\n\t\t\t\t<div class=\"elementor-widget-container\">\n\t\t\t\t\t\t\t\t\tLe stand \u00ab All-in \u00bb est un stand fonctionnel qui vous permet de pr\u00e9senter votre mat\u00e9riel et de mener vos activit\u00e9s de mani\u00e8re professionnelle. Votre objectif premier est de nouer des contacts et de recueillir des prospects.<br><br>*mobilier non compris*\t\t\t\t\t\t\t\t<\/div>\n\t\t\t\t<\/div>\n\t\t\t\t<div class=\"elementor-element elementor-element-6d2c4ae elementor-align-center elementor-widget elementor-widget-button\" data-id=\"6d2c4ae\" data-element_type=\"widget\" data-widget_type=\"button.default\">\n\t\t\t\t<div class=\"elementor-widget-container\">\n\t\t\t\t\t\t\t\t\t<div class=\"elementor-button-wrapper\">\n\t\t\t\t\t<a class=\"elementor-button elementor-button-link elementor-size-sm\" href=\"mailto:engineering.ops@easyfairs.com\">\n\t\t\t\t\t\t<span class=\"elementor-button-content-wrapper\">\n\t\t\t\t\t\t\t\t\t<span class=\"elementor-button-text\">Plus d'informations<\/span>\n\t\t\t\t\t<\/span>\n\t\t\t\t\t<\/a>\n\t\t\t\t<\/div>\n\t\t\t\t\t\t\t\t<\/div>\n\t\t\t\t<\/div>\n\t\t\t\t\t<\/div>\n\t\t\t\t<\/div>\n\t\t<div class=\"elementor-element elementor-element-dc524c5 e-flex e-con-boxed e-con e-child\" data-id=\"dc524c5\" data-element_type=\"container\" data-settings=\"{&quot;background_background&quot;:&quot;classic&quot;}\">\n\t\t\t\t\t<div class=\"e-con-inner\">\n\t\t\t\t<div class=\"elementor-element elementor-element-3711c59 elementor-widget elementor-widget-heading\" data-id=\"3711c59\" data-element_type=\"widget\" data-widget_type=\"heading.default\">\n\t\t\t\t<div class=\"elementor-widget-container\">\n\t\t\t\t\t<h2 class=\"elementor-heading-title elementor-size-default\">All-in Plus Truss<\/h2>\t\t\t\t<\/div>\n\t\t\t\t<\/div>\n\t\t\t\t<div class=\"elementor-element elementor-element-07ab624 elementor-widget elementor-widget-image\" data-id=\"07ab624\" data-element_type=\"widget\" data-widget_type=\"image.default\">\n\t\t\t\t<div class=\"elementor-widget-container\">\n\t\t\t\t\t\t\t\t\t\t\t\t\t\t\t<img decoding=\"async\" width=\"800\" height=\"534\" src=\"https:\/\/easyfairsassets.com\/sites\/303\/2026\/04\/All-In-Plus-Truss-4-1024x684.jpg\" class=\"attachment-large size-large wp-image-117701\" alt=\"\" srcset=\"https:\/\/easyfairsassets.com\/sites\/303\/2026\/04\/All-In-Plus-Truss-4-1024x684.jpg 1024w, https:\/\/easyfairsassets.com\/sites\/303\/2026\/04\/All-In-Plus-Truss-4-300x200.jpg 300w, https:\/\/easyfairsassets.com\/sites\/303\/2026\/04\/All-In-Plus-Truss-4-768x513.jpg 768w, https:\/\/easyfairsassets.com\/sites\/303\/2026\/04\/All-In-Plus-Truss-4-1536x1026.jpg 1536w, https:\/\/easyfairsassets.com\/sites\/303\/2026\/04\/All-In-Plus-Truss-4.jpg 1920w\" sizes=\"(max-width: 800px) 100vw, 800px\" \/>\t\t\t\t\t\t\t\t\t\t\t\t\t\t\t<\/div>\n\t\t\t\t<\/div>\n\t\t\t\t<div class=\"elementor-element elementor-element-a006b46 elementor-widget elementor-widget-text-editor\" data-id=\"a006b46\" data-element_type=\"widget\" data-widget_type=\"text-editor.default\">\n\t\t\t\t<div class=\"elementor-widget-container\">\n\t\t\t\t\t\t\t\t\t<p>Vous souhaitez b\u00e9n\u00e9ficier d&rsquo;une pr\u00e9sence bien visible gr\u00e2ce au stand All-in Plus Truss. Outre la collecte de prospects et l&rsquo;\u00e9tablissement de nouveaux contacts, vous souhaitez accueillir vos relations dans un espace plus spacieux qui refl\u00e8te l&rsquo;identit\u00e9 visuelle de votre entreprise.<\/p>\n<p>*mobilier non compris*<\/p>\n\t\t\t\t\t\t\t\t<\/div>\n\t\t\t\t<\/div>\n\t\t\t\t<div class=\"elementor-element elementor-element-ca259a1 elementor-align-center elementor-widget elementor-widget-button\" data-id=\"ca259a1\" data-element_type=\"widget\" data-widget_type=\"button.default\">\n\t\t\t\t<div class=\"elementor-widget-container\">\n\t\t\t\t\t\t\t\t\t<div class=\"elementor-button-wrapper\">\n\t\t\t\t\t<a class=\"elementor-button elementor-button-link elementor-size-sm\" href=\"mailto:engineering.ops@easyfairs.com\">\n\t\t\t\t\t\t<span class=\"elementor-button-content-wrapper\">\n\t\t\t\t\t\t\t\t\t<span class=\"elementor-button-text\">Plus d'informations<\/span>\n\t\t\t\t\t<\/span>\n\t\t\t\t\t<\/a>\n\t\t\t\t<\/div>\n\t\t\t\t\t\t\t\t<\/div>\n\t\t\t\t<\/div>\n\t\t\t\t\t<\/div>\n\t\t\t\t<\/div>\n\t\t<div class=\"elementor-element elementor-element-e2c42d5 e-flex e-con-boxed e-con e-child\" data-id=\"e2c42d5\" data-element_type=\"container\" data-settings=\"{&quot;background_background&quot;:&quot;classic&quot;}\">\n\t\t\t\t\t<div class=\"e-con-inner\">\n\t\t\t\t<div class=\"elementor-element elementor-element-54f5a87 elementor-widget elementor-widget-heading\" data-id=\"54f5a87\" data-element_type=\"widget\" data-widget_type=\"heading.default\">\n\t\t\t\t<div class=\"elementor-widget-container\">\n\t\t\t\t\t<h2 class=\"elementor-heading-title elementor-size-default\">All-in Plus Matrix<\/h2>\t\t\t\t<\/div>\n\t\t\t\t<\/div>\n\t\t\t\t<div class=\"elementor-element elementor-element-f683fd0 elementor-widget elementor-widget-image\" data-id=\"f683fd0\" data-element_type=\"widget\" data-widget_type=\"image.default\">\n\t\t\t\t<div class=\"elementor-widget-container\">\n\t\t\t\t\t\t\t\t\t\t\t\t\t\t\t<img decoding=\"async\" width=\"768\" height=\"513\" src=\"https:\/\/easyfairsassets.com\/sites\/303\/2026\/04\/All-in-Plus-Matrix-768x513.jpg\" class=\"attachment-medium_large size-medium_large wp-image-117698\" alt=\"\" srcset=\"https:\/\/easyfairsassets.com\/sites\/303\/2026\/04\/All-in-Plus-Matrix-768x513.jpg 768w, https:\/\/easyfairsassets.com\/sites\/303\/2026\/04\/All-in-Plus-Matrix-300x200.jpg 300w, https:\/\/easyfairsassets.com\/sites\/303\/2026\/04\/All-in-Plus-Matrix-1024x684.jpg 1024w, https:\/\/easyfairsassets.com\/sites\/303\/2026\/04\/All-in-Plus-Matrix-1536x1026.jpg 1536w, https:\/\/easyfairsassets.com\/sites\/303\/2026\/04\/All-in-Plus-Matrix.jpg 1920w\" sizes=\"(max-width: 768px) 100vw, 768px\" \/>\t\t\t\t\t\t\t\t\t\t\t\t\t\t\t<\/div>\n\t\t\t\t<\/div>\n\t\t\t\t<div class=\"elementor-element elementor-element-8df95fe elementor-widget elementor-widget-text-editor\" data-id=\"8df95fe\" data-element_type=\"widget\" data-widget_type=\"text-editor.default\">\n\t\t\t\t<div class=\"elementor-widget-container\">\n\t\t\t\t\t\t\t\t\t<p>Vous souhaitez b\u00e9n\u00e9ficier d&rsquo;une pr\u00e9sence remarqu\u00e9e gr\u00e2ce au stand All-in Plus Matrix. Outre la collecte de prospects et l&rsquo;\u00e9tablissement de nouveaux contacts, vous souhaitez accueillir vos relations dans un espace plus spacieux qui refl\u00e8te votre identit\u00e9 visuelle.<\/p>\n<p>* mobilier non compris*<\/p>\n\t\t\t\t\t\t\t\t<\/div>\n\t\t\t\t<\/div>\n\t\t\t\t<div class=\"elementor-element elementor-element-e6dcfaa elementor-align-center elementor-widget elementor-widget-button\" data-id=\"e6dcfaa\" data-element_type=\"widget\" data-widget_type=\"button.default\">\n\t\t\t\t<div class=\"elementor-widget-container\">\n\t\t\t\t\t\t\t\t\t<div class=\"elementor-button-wrapper\">\n\t\t\t\t\t<a class=\"elementor-button elementor-button-link elementor-size-sm\" href=\"mailto:engineering.ops@easyfairs.com\">\n\t\t\t\t\t\t<span class=\"elementor-button-content-wrapper\">\n\t\t\t\t\t\t\t\t\t<span class=\"elementor-button-text\">Plus d'informations<\/span>\n\t\t\t\t\t<\/span>\n\t\t\t\t\t<\/a>\n\t\t\t\t<\/div>\n\t\t\t\t\t\t\t\t<\/div>\n\t\t\t\t<\/div>\n\t\t\t\t\t<\/div>\n\t\t\t\t<\/div>\n\t\t<div class=\"elementor-element elementor-element-19f6787 e-flex e-con-boxed e-con e-child\" data-id=\"19f6787\" data-element_type=\"container\" data-settings=\"{&quot;background_background&quot;:&quot;classic&quot;}\">\n\t\t\t\t\t<div class=\"e-con-inner\">\n\t\t\t\t<div class=\"elementor-element elementor-element-aafe37a elementor-widget elementor-widget-heading\" data-id=\"aafe37a\" data-element_type=\"widget\" data-widget_type=\"heading.default\">\n\t\t\t\t<div class=\"elementor-widget-container\">\n\t\t\t\t\t<h2 class=\"elementor-heading-title elementor-size-default\">Space Only<\/h2>\t\t\t\t<\/div>\n\t\t\t\t<\/div>\n\t\t\t\t<div class=\"elementor-element elementor-element-3b7a2a4 elementor-widget elementor-widget-image\" data-id=\"3b7a2a4\" data-element_type=\"widget\" data-widget_type=\"image.default\">\n\t\t\t\t<div class=\"elementor-widget-container\">\n\t\t\t\t\t\t\t\t\t\t\t\t\t\t\t<img loading=\"lazy\" decoding=\"async\" width=\"300\" height=\"200\" src=\"https:\/\/easyfairsassets.com\/sites\/303\/2026\/04\/Space-Only-qgucr61iy169rxgmezki6ucqkk3qmtkwzpi35h8jps.png\" class=\"attachment-medium_large size-medium_large wp-image-117692\" alt=\"\" \/>\t\t\t\t\t\t\t\t\t\t\t\t\t\t\t<\/div>\n\t\t\t\t<\/div>\n\t\t\t\t<div class=\"elementor-element elementor-element-aad8fb4 elementor-widget elementor-widget-text-editor\" data-id=\"aad8fb4\" data-element_type=\"widget\" data-widget_type=\"text-editor.default\">\n\t\t\t\t<div class=\"elementor-widget-container\">\n\t\t\t\t\t\t\t\t\t<p>Surface au sol nue pour un stand sur mesure ! Demandez plus d&rsquo;informations.<\/p>\n\t\t\t\t\t\t\t\t<\/div>\n\t\t\t\t<\/div>\n\t\t\t\t<div class=\"elementor-element elementor-element-88c199f elementor-align-center elementor-widget elementor-widget-button\" data-id=\"88c199f\" data-element_type=\"widget\" data-widget_type=\"button.default\">\n\t\t\t\t<div class=\"elementor-widget-container\">\n\t\t\t\t\t\t\t\t\t<div class=\"elementor-button-wrapper\">\n\t\t\t\t\t<a class=\"elementor-button elementor-button-link elementor-size-sm\" href=\"mailto:engineering.ops@easyfairs.com\">\n\t\t\t\t\t\t<span class=\"elementor-button-content-wrapper\">\n\t\t\t\t\t\t\t\t\t<span class=\"elementor-button-text\">Plus d'informations<\/span>\n\t\t\t\t\t<\/span>\n\t\t\t\t\t<\/a>\n\t\t\t\t<\/div>\n\t\t\t\t\t\t\t\t<\/div>\n\t\t\t\t<\/div>\n\t\t\t\t\t<\/div>\n\t\t\t\t<\/div>\n\t\t\t\t\t<\/div>\n\t\t\t\t<\/div>\n\t\t\t\t\t<\/div>\n\t\t\t\t<\/div>\n\t\t\t\t<\/div>\n\t\t","protected":false},"excerpt":{"rendered":"<p>FORMULES DE STAND All-In Stand Le stand \u00ab All-in \u00bb est un stand fonctionnel qui vous permet de pr\u00e9senter votre mat\u00e9riel et de mener vos activit\u00e9s de mani\u00e8re professionnelle. Votre objectif premier est de nouer des contacts et de recueillir des prospects. *mobilier non compris* Plus d&rsquo;informations All-in Plus Truss Vous souhaitez b\u00e9n\u00e9ficier d&rsquo;une pr\u00e9sence [&hellip;]<\/p>\n","protected":false},"author":1651,"featured_media":0,"parent":0,"menu_order":0,"comment_status":"closed","ping_status":"closed","template":"","meta":{"_seopress_robots_primary_cat":"","_seopress_titles_title":"","_seopress_titles_desc":"","_seopress_robots_index":"","footnotes":""},"class_list":["post-117713","page","type-page","status-publish","hentry"],"_links":{"self":[{"href":"https:\/\/www.ae-expo.be\/fr\/wp-json\/wp\/v2\/pages\/117713","targetHints":{"allow":["GET"]}}],"collection":[{"href":"https:\/\/www.ae-expo.be\/fr\/wp-json\/wp\/v2\/pages"}],"about":[{"href":"https:\/\/www.ae-expo.be\/fr\/wp-json\/wp\/v2\/types\/page"}],"author":[{"embeddable":true,"href":"https:\/\/www.ae-expo.be\/fr\/wp-json\/wp\/v2\/users\/1651"}],"replies":[{"embeddable":true,"href":"https:\/\/www.ae-expo.be\/fr\/wp-json\/wp\/v2\/comments?post=117713"}],"version-history":[{"count":1,"href":"https:\/\/www.ae-expo.be\/fr\/wp-json\/wp\/v2\/pages\/117713\/revisions"}],"predecessor-version":[{"id":117714,"href":"https:\/\/www.ae-expo.be\/fr\/wp-json\/wp\/v2\/pages\/117713\/revisions\/117714"}],"wp:attachment":[{"href":"https:\/\/www.ae-expo.be\/fr\/wp-json\/wp\/v2\/media?parent=117713"}],"curies":[{"name":"wp","href":"https:\/\/api.w.org\/{rel}","templated":true}]}}