{"id":112885,"date":"2025-12-08T16:03:08","date_gmt":"2025-12-08T15:03:08","guid":{"rendered":"https:\/\/www.ae-expo.be\/?page_id=112885"},"modified":"2026-01-26T09:54:15","modified_gmt":"2026-01-26T08:54:15","slug":"technologie-smart-badge-2","status":"publish","type":"page","link":"https:\/\/www.ae-expo.be\/fr\/technologie-smart-badge-2\/","title":{"rendered":"Smart Badge &#8211; Visit Connect"},"content":{"rendered":"\t\t<div data-elementor-type=\"wp-post\" data-elementor-id=\"112885\" class=\"elementor elementor-112885 elementor-112883\" data-elementor-post-type=\"page\">\n\t\t\t\t<div class=\"elementor-element elementor-element-102a562 e-con-full e-flex e-con e-parent\" data-id=\"102a562\" data-element_type=\"container\" data-settings=\"{&quot;background_background&quot;:&quot;classic&quot;}\">\n\t\t<div class=\"elementor-element elementor-element-79e8520 e-con-full e-flex e-con e-child\" data-id=\"79e8520\" data-element_type=\"container\">\n\t\t\t\t<div class=\"elementor-element elementor-element-7b5680b elementor-widget elementor-widget-heading\" data-id=\"7b5680b\" data-element_type=\"widget\" data-widget_type=\"heading.default\">\n\t\t\t\t<div class=\"elementor-widget-container\">\n\t\t\t\t\t<h1 class=\"elementor-heading-title elementor-size-default\">Smart Badge vs Visit Connect<\/h1>\t\t\t\t<\/div>\n\t\t\t\t<\/div>\n\t\t\t\t<div class=\"elementor-element elementor-element-676850e elementor-widget__width-initial elementor-widget elementor-widget-text-editor\" data-id=\"676850e\" data-element_type=\"widget\" data-widget_type=\"text-editor.default\">\n\t\t\t\t<div class=\"elementor-widget-container\">\n\t\t\t\t\t\t\t\t\t<p>Suivi efficace des prospects gr\u00e2ce \u00e0 nos outils<\/p>\n\t\t\t\t\t\t\t\t<\/div>\n\t\t\t\t<\/div>\n\t\t\t\t<\/div>\n\t\t<div class=\"elementor-element elementor-element-7306463 e-con-full e-flex e-con e-child\" data-id=\"7306463\" data-element_type=\"container\" data-settings=\"{&quot;background_background&quot;:&quot;classic&quot;}\">\n\t\t\t\t<div class=\"elementor-element elementor-element-ad63fcf elementor-widget__width-initial elementor-widget elementor-widget-image\" data-id=\"ad63fcf\" data-element_type=\"widget\" data-widget_type=\"image.default\">\n\t\t\t\t<div class=\"elementor-widget-container\">\n\t\t\t\t\t\t\t\t\t\t\t\t\t\t\t<img fetchpriority=\"high\" decoding=\"async\" width=\"1920\" height=\"1280\" src=\"https:\/\/easyfairsassets.com\/sites\/303\/2024\/10\/LOWRES-3D2A8943.jpg\" class=\"attachment-full size-full wp-image-91313\" alt=\"smart badge\" srcset=\"https:\/\/easyfairsassets.com\/sites\/303\/2024\/10\/LOWRES-3D2A8943.jpg 1920w, https:\/\/easyfairsassets.com\/sites\/303\/2024\/10\/LOWRES-3D2A8943-300x200.jpg 300w, https:\/\/easyfairsassets.com\/sites\/303\/2024\/10\/LOWRES-3D2A8943-1024x683.jpg 1024w, https:\/\/easyfairsassets.com\/sites\/303\/2024\/10\/LOWRES-3D2A8943-768x512.jpg 768w, https:\/\/easyfairsassets.com\/sites\/303\/2024\/10\/LOWRES-3D2A8943-1536x1024.jpg 1536w\" sizes=\"(max-width: 1920px) 100vw, 1920px\" \/>\t\t\t\t\t\t\t\t\t\t\t\t\t\t\t<\/div>\n\t\t\t\t<\/div>\n\t\t\t\t<div class=\"elementor-element elementor-element-30932d7 elementor-widget elementor-widget-image\" data-id=\"30932d7\" data-element_type=\"widget\" data-widget_type=\"image.default\">\n\t\t\t\t<div class=\"elementor-widget-container\">\n\t\t\t\t\t\t\t\t\t\t\t\t\t\t\t<img decoding=\"async\" width=\"1920\" height=\"1280\" src=\"https:\/\/easyfairsassets.com\/sites\/303\/2024\/03\/53612317288_95215abf67_o-1.jpg\" class=\"attachment-full size-full wp-image-72000\" alt=\"Smart Badge\" srcset=\"https:\/\/easyfairsassets.com\/sites\/303\/2024\/03\/53612317288_95215abf67_o-1.jpg 1920w, https:\/\/easyfairsassets.com\/sites\/303\/2024\/03\/53612317288_95215abf67_o-1-300x200.jpg 300w, https:\/\/easyfairsassets.com\/sites\/303\/2024\/03\/53612317288_95215abf67_o-1-1024x683.jpg 1024w, https:\/\/easyfairsassets.com\/sites\/303\/2024\/03\/53612317288_95215abf67_o-1-768x512.jpg 768w, https:\/\/easyfairsassets.com\/sites\/303\/2024\/03\/53612317288_95215abf67_o-1-1536x1024.jpg 1536w\" sizes=\"(max-width: 1920px) 100vw, 1920px\" \/>\t\t\t\t\t\t\t\t\t\t\t\t\t\t\t<\/div>\n\t\t\t\t<\/div>\n\t\t\t\t<\/div>\n\t\t\t\t<\/div>\n\t\t<div class=\"elementor-element elementor-element-b1ca730 e-con-full e-flex e-con e-parent\" data-id=\"b1ca730\" data-element_type=\"container\" data-settings=\"{&quot;background_background&quot;:&quot;classic&quot;}\">\n\t\t<div class=\"elementor-element elementor-element-df6778b e-con-full e-flex e-con e-child\" data-id=\"df6778b\" data-element_type=\"container\">\n\t\t\t\t<div class=\"elementor-element elementor-element-197af6e elementor-widget elementor-widget-heading\" data-id=\"197af6e\" data-element_type=\"widget\" data-widget_type=\"heading.default\">\n\t\t\t\t<div class=\"elementor-widget-container\">\n\t\t\t\t\t<h2 class=\"elementor-heading-title elementor-size-default\">Comment utiliser le Smart Badge Reader ?<\/h2>\t\t\t\t<\/div>\n\t\t\t\t<\/div>\n\t\t\t\t<\/div>\n\t\t<div class=\"elementor-element elementor-element-1127de3 e-con-full e-flex e-con e-child\" data-id=\"1127de3\" data-element_type=\"container\">\n\t\t\t\t<div class=\"elementor-element elementor-element-527c035 elementor-view-default elementor-widget elementor-widget-icon\" data-id=\"527c035\" data-element_type=\"widget\" data-widget_type=\"icon.default\">\n\t\t\t\t<div class=\"elementor-widget-container\">\n\t\t\t\t\t\t\t<div class=\"elementor-icon-wrapper\">\n\t\t\t<div class=\"elementor-icon\">\n\t\t\t<i aria-hidden=\"true\" class=\"fas fa-check\"><\/i>\t\t\t<\/div>\n\t\t<\/div>\n\t\t\t\t\t\t<\/div>\n\t\t\t\t<\/div>\n\t\t\t\t<div class=\"elementor-element elementor-element-f5a895d elementor-widget elementor-widget-text-editor\" data-id=\"f5a895d\" data-element_type=\"widget\" data-widget_type=\"text-editor.default\">\n\t\t\t\t<div class=\"elementor-widget-container\">\n\t\t\t\t\t\t\t\t\t<p>Vous aurez re\u00e7u un ou plusieurs panneaux verts. Placez-les \u00e0 un endroit bien visible pr\u00e8s de l&rsquo;all\u00e9e. Chaque visiteur int\u00e9ress\u00e9 pourra ainsi simplement toucher le lecteur avec son badge. Une lumi\u00e8re verte et un bip ? Op\u00e9ration r\u00e9ussie !<\/p>\n\t\t\t\t\t\t\t\t<\/div>\n\t\t\t\t<\/div>\n\t\t\t\t<\/div>\n\t\t<div class=\"elementor-element elementor-element-4f5b996 e-con-full e-flex e-con e-child\" data-id=\"4f5b996\" data-element_type=\"container\">\n\t\t\t\t<div class=\"elementor-element elementor-element-09b499a elementor-view-default elementor-widget elementor-widget-icon\" data-id=\"09b499a\" data-element_type=\"widget\" data-widget_type=\"icon.default\">\n\t\t\t\t<div class=\"elementor-widget-container\">\n\t\t\t\t\t\t\t<div class=\"elementor-icon-wrapper\">\n\t\t\t<div class=\"elementor-icon\">\n\t\t\t<i aria-hidden=\"true\" class=\"fas fa-envelope-open-text\"><\/i>\t\t\t<\/div>\n\t\t<\/div>\n\t\t\t\t\t\t<\/div>\n\t\t\t\t<\/div>\n\t\t\t\t<div class=\"elementor-element elementor-element-5db7be4 elementor-widget elementor-widget-text-editor\" data-id=\"5db7be4\" data-element_type=\"widget\" data-widget_type=\"text-editor.default\">\n\t\t\t\t<div class=\"elementor-widget-container\">\n\t\t\t\t\t\t\t\t\t<p>Le lendemain de l&rsquo;\u00e9v\u00e9nement, vous recevrez un e-mail contenant un aper\u00e7u de toutes les informations collect\u00e9es. Vous pouvez \u00e9galement retrouver les prospects scann\u00e9s dans My Easyfairs.<\/p>\n\t\t\t\t\t\t\t\t<\/div>\n\t\t\t\t<\/div>\n\t\t\t\t<\/div>\n\t\t<div class=\"elementor-element elementor-element-e61bde6 e-flex e-con-boxed e-con e-child\" data-id=\"e61bde6\" data-element_type=\"container\">\n\t\t\t\t\t<div class=\"e-con-inner\">\n\t\t\t\t<div class=\"elementor-element elementor-element-68b1ec7 elementor-view-default elementor-widget elementor-widget-icon\" data-id=\"68b1ec7\" data-element_type=\"widget\" data-widget_type=\"icon.default\">\n\t\t\t\t<div class=\"elementor-widget-container\">\n\t\t\t\t\t\t\t<div class=\"elementor-icon-wrapper\">\n\t\t\t<div class=\"elementor-icon\">\n\t\t\t<i aria-hidden=\"true\" class=\"fas fa-laptop\"><\/i>\t\t\t<\/div>\n\t\t<\/div>\n\t\t\t\t\t\t<\/div>\n\t\t\t\t<\/div>\n\t\t\t\t<div class=\"elementor-element elementor-element-8c0a3e4 elementor-widget elementor-widget-text-editor\" data-id=\"8c0a3e4\" data-element_type=\"widget\" data-widget_type=\"text-editor.default\">\n\t\t\t\t<div class=\"elementor-widget-container\">\n\t\t\t\t\t\t\t\t\t<p>Gr\u00e2ce aux informations contenues dans l&rsquo;e-mail, vous pouvez contacter les visiteurs concern\u00e9s et leur fournir davantage d&rsquo;informations ou les ajouter \u00e0 votre base de donn\u00e9es. Le visiteur a \u00e9galement re\u00e7u vos coordonn\u00e9es et peut vous contacter lui-m\u00eame.<\/p>\n\t\t\t\t\t\t\t\t<\/div>\n\t\t\t\t<\/div>\n\t\t\t\t\t<\/div>\n\t\t\t\t<\/div>\n\t\t\t\t<\/div>\n\t\t<div class=\"elementor-element elementor-element-fdb7d07 e-con-full e-flex e-con e-parent\" data-id=\"fdb7d07\" data-element_type=\"container\" data-settings=\"{&quot;background_background&quot;:&quot;classic&quot;}\">\n\t\t<div class=\"elementor-element elementor-element-7070c1b e-con-full e-flex e-con e-child\" data-id=\"7070c1b\" data-element_type=\"container\" data-settings=\"{&quot;background_background&quot;:&quot;classic&quot;}\">\n\t\t\t\t<div class=\"elementor-element elementor-element-d13fd93 elementor-widget elementor-widget-heading\" data-id=\"d13fd93\" data-element_type=\"widget\" data-widget_type=\"heading.default\">\n\t\t\t\t<div class=\"elementor-widget-container\">\n\t\t\t\t\t<h2 class=\"elementor-heading-title elementor-size-default\">Smart Badge<\/h2>\t\t\t\t<\/div>\n\t\t\t\t<\/div>\n\t\t\t\t<div class=\"elementor-element elementor-element-00427f8 elementor-widget elementor-widget-text-editor\" data-id=\"00427f8\" data-element_type=\"widget\" data-widget_type=\"text-editor.default\">\n\t\t\t\t<div class=\"elementor-widget-container\">\n\t\t\t\t\t\t\t\t\t<ul>\n<li><strong>\u00c0 l&rsquo;initiative du visiteur<\/strong><\/li>\n<li>Tous les exposants peuvent diffuser leurs informations via le lecteur (informations t\u00e9l\u00e9charg\u00e9es sur My Easyfairs).<\/li>\n<li><strong>Pas besoin de discuter<\/strong> avec le visiteur, installez le lecteur sur votre stand et vos informations lui seront automatiquement envoy\u00e9es.<\/li>\n<li>Les <strong>exposants re\u00e7oivent une liste des visiteurs<\/strong> avec les donn\u00e9es issues de l&rsquo;enregistrement lorsqu&rsquo;ils ont scann\u00e9 leur badge sur votre stand.<\/li>\n<\/ul>\n<p><strong>Pr\u00e9paration<\/strong> : mettez autant d&rsquo;informations que possible sur votre entreprise sur My Easyfairs. Le lecteur vous sera livr\u00e9 sur votre stand pendant le montage.<\/p>\n\t\t\t\t\t\t\t\t<\/div>\n\t\t\t\t<\/div>\n\t\t\t\t<div class=\"elementor-element elementor-element-638bff9 elementor-widget elementor-widget-video\" data-id=\"638bff9\" data-element_type=\"widget\" data-settings=\"{&quot;youtube_url&quot;:&quot;https:\\\/\\\/youtu.be\\\/ikKCfzrS3nQ?si=oJEI_rKZbgLItf98&quot;,&quot;video_type&quot;:&quot;youtube&quot;,&quot;controls&quot;:&quot;yes&quot;}\" data-widget_type=\"video.default\">\n\t\t\t\t<div class=\"elementor-widget-container\">\n\t\t\t\t\t\t\t<div class=\"elementor-wrapper elementor-open-inline\">\n\t\t\t<div class=\"elementor-video\"><\/div>\t\t<\/div>\n\t\t\t\t\t\t<\/div>\n\t\t\t\t<\/div>\n\t\t\t\t<\/div>\n\t\t<div class=\"elementor-element elementor-element-6aeb73c e-flex e-con-boxed e-con e-child\" data-id=\"6aeb73c\" data-element_type=\"container\" data-settings=\"{&quot;background_background&quot;:&quot;classic&quot;}\">\n\t\t\t\t\t<div class=\"e-con-inner\">\n\t\t\t\t<div class=\"elementor-element elementor-element-835d993 elementor-widget elementor-widget-heading\" data-id=\"835d993\" data-element_type=\"widget\" data-widget_type=\"heading.default\">\n\t\t\t\t<div class=\"elementor-widget-container\">\n\t\t\t\t\t<h2 class=\"elementor-heading-title elementor-size-default\">Visit Connect<\/h2>\t\t\t\t<\/div>\n\t\t\t\t<\/div>\n\t\t\t\t<div class=\"elementor-element elementor-element-72ca30c elementor-widget elementor-widget-text-editor\" data-id=\"72ca30c\" data-element_type=\"widget\" data-widget_type=\"text-editor.default\">\n\t\t\t\t<div class=\"elementor-widget-container\">\n\t\t\t\t\t\t\t\t\t<ul>\n<li><strong>\u00c0 l&rsquo;initiative de l&rsquo;exposant<\/strong>.<\/li>\n<li>Cette application est disponible <strong>pour tous les exposants.<\/strong><\/li>\n<li>Vous pouvez installer l&rsquo;application sur tous les appareils.<\/li>\n<li>Qualifiez les prospects en posant des questions et en prenant des notes dans l&rsquo;application.<\/li>\n<li>Rassemblez<strong> toutes les informations en un seul endroit<\/strong>. <strong>Suivi des prospects<\/strong> : contactez le visiteur apr\u00e8s le salon.<\/li>\n<\/ul>\n<p><strong>Pr\u00e9paration<\/strong> : chaque visiteur re\u00e7oit \u00e0 son arriv\u00e9e au salon un badge visiteur muni d&rsquo;un code QR.<\/p>\n\t\t\t\t\t\t\t\t<\/div>\n\t\t\t\t<\/div>\n\t\t\t\t<div class=\"elementor-element elementor-element-23d895b elementor-widget elementor-widget-video\" data-id=\"23d895b\" data-element_type=\"widget\" data-settings=\"{&quot;youtube_url&quot;:&quot;https:\\\/\\\/www.youtube.com\\\/watch?v=0AuJytt9Ajc&quot;,&quot;video_type&quot;:&quot;youtube&quot;,&quot;controls&quot;:&quot;yes&quot;}\" data-widget_type=\"video.default\">\n\t\t\t\t<div class=\"elementor-widget-container\">\n\t\t\t\t\t\t\t<div class=\"elementor-wrapper elementor-open-inline\">\n\t\t\t<div class=\"elementor-video\"><\/div>\t\t<\/div>\n\t\t\t\t\t\t<\/div>\n\t\t\t\t<\/div>\n\t\t\t\t\t<\/div>\n\t\t\t\t<\/div>\n\t\t\t\t<\/div>\n\t\t\t\t<\/div>\n\t\t","protected":false},"excerpt":{"rendered":"<p>Smart Badge vs Visit Connect Suivi efficace des prospects gr\u00e2ce \u00e0 nos outils Comment utiliser le Smart Badge Reader ? Vous aurez re\u00e7u un ou plusieurs panneaux verts. Placez-les \u00e0 un endroit bien visible pr\u00e8s de l&rsquo;all\u00e9e. Chaque visiteur int\u00e9ress\u00e9 pourra ainsi simplement toucher le lecteur avec son badge. Une lumi\u00e8re verte et un bip [&hellip;]<\/p>\n","protected":false},"author":219,"featured_media":91313,"parent":0,"menu_order":0,"comment_status":"closed","ping_status":"closed","template":"elementor_header_footer","meta":{"_seopress_robots_primary_cat":"","_seopress_titles_title":"Smart Badge Technologie - Advanced Engineering","_seopress_titles_desc":"Vous trouverez ici plus d'informations sur notre technologie Smart Badge lors de votre visite \u00e0 Advanced Engineering.","_seopress_robots_index":"","footnotes":""},"class_list":["post-112885","page","type-page","status-publish","has-post-thumbnail","hentry"],"_links":{"self":[{"href":"https:\/\/www.ae-expo.be\/fr\/wp-json\/wp\/v2\/pages\/112885","targetHints":{"allow":["GET"]}}],"collection":[{"href":"https:\/\/www.ae-expo.be\/fr\/wp-json\/wp\/v2\/pages"}],"about":[{"href":"https:\/\/www.ae-expo.be\/fr\/wp-json\/wp\/v2\/types\/page"}],"author":[{"embeddable":true,"href":"https:\/\/www.ae-expo.be\/fr\/wp-json\/wp\/v2\/users\/219"}],"replies":[{"embeddable":true,"href":"https:\/\/www.ae-expo.be\/fr\/wp-json\/wp\/v2\/comments?post=112885"}],"version-history":[{"count":5,"href":"https:\/\/www.ae-expo.be\/fr\/wp-json\/wp\/v2\/pages\/112885\/revisions"}],"predecessor-version":[{"id":115675,"href":"https:\/\/www.ae-expo.be\/fr\/wp-json\/wp\/v2\/pages\/112885\/revisions\/115675"}],"wp:featuredmedia":[{"embeddable":true,"href":"https:\/\/www.ae-expo.be\/fr\/wp-json\/wp\/v2\/media\/91313"}],"wp:attachment":[{"href":"https:\/\/www.ae-expo.be\/fr\/wp-json\/wp\/v2\/media?parent=112885"}],"curies":[{"name":"wp","href":"https:\/\/api.w.org\/{rel}","templated":true}]}}