{"id":112779,"date":"2026-01-26T09:44:42","date_gmt":"2026-01-26T08:44:42","guid":{"rendered":"https:\/\/www.ae-expo.be\/?page_id=112779"},"modified":"2026-02-25T13:44:17","modified_gmt":"2026-02-25T12:44:17","slug":"application-easyfairs-belgium","status":"publish","type":"page","link":"https:\/\/www.ae-expo.be\/fr\/application-easyfairs-belgium\/","title":{"rendered":"Application Easyfairs Belgium"},"content":{"rendered":"\t\t<div data-elementor-type=\"wp-post\" data-elementor-id=\"112779\" class=\"elementor elementor-112779 elementor-112777\" data-elementor-post-type=\"page\">\n\t\t\t\t<div class=\"elementor-element elementor-element-646c6b7 e-con-full e-flex e-con e-parent\" data-id=\"646c6b7\" data-element_type=\"container\" data-settings=\"{&quot;background_background&quot;:&quot;classic&quot;}\">\n\t\t<div class=\"elementor-element elementor-element-4f4add9 e-con-full e-flex e-con e-child\" data-id=\"4f4add9\" data-element_type=\"container\">\n\t\t<div class=\"elementor-element elementor-element-8506200 e-con-full e-flex e-con e-child\" data-id=\"8506200\" data-element_type=\"container\">\n\t\t\t\t<div class=\"elementor-element elementor-element-19029ee elementor-widget elementor-widget-heading\" data-id=\"19029ee\" data-element_type=\"widget\" data-widget_type=\"heading.default\">\n\t\t\t\t<div class=\"elementor-widget-container\">\n\t\t\t\t\t<h1 class=\"elementor-heading-title elementor-size-default\">Application Easyfairs Belgium<\/h1>\t\t\t\t<\/div>\n\t\t\t\t<\/div>\n\t\t\t\t<div class=\"elementor-element elementor-element-b60316b elementor-widget elementor-widget-text-editor\" data-id=\"b60316b\" data-element_type=\"widget\" data-widget_type=\"text-editor.default\">\n\t\t\t\t<div class=\"elementor-widget-container\">\n\t\t\t\t\t\t\t\t\t<p>Application Easyfairs Belgium &#8211; Votre assistant intelligent pour une visite optimale du salon<\/p>\n\t\t\t\t\t\t\t\t<\/div>\n\t\t\t\t<\/div>\n\t\t\t\t<\/div>\n\t\t<div class=\"elementor-element elementor-element-e86bf05 e-con-full e-flex e-con e-child\" data-id=\"e86bf05\" data-element_type=\"container\">\n\t\t\t\t<div class=\"elementor-element elementor-element-c055ea7 elementor-widget elementor-widget-text-editor\" data-id=\"c055ea7\" data-element_type=\"widget\" data-widget_type=\"text-editor.default\">\n\t\t\t\t<div class=\"elementor-widget-container\">\n\t\t\t\t\t\t\t\t\t<p>T\u00e9l\u00e9chargez l&rsquo;application :<\/p>\n\t\t\t\t\t\t\t\t<\/div>\n\t\t\t\t<\/div>\n\t\t\t\t<div class=\"elementor-element elementor-element-5a34932 elementor-view-default elementor-widget elementor-widget-icon\" data-id=\"5a34932\" data-element_type=\"widget\" data-widget_type=\"icon.default\">\n\t\t\t\t<div class=\"elementor-widget-container\">\n\t\t\t\t\t\t\t<div class=\"elementor-icon-wrapper\">\n\t\t\t<a class=\"elementor-icon\" href=\"https:\/\/apps.apple.com\/nl\/app\/easyfairs-belgium\/id6680193572\">\n\t\t\t<i aria-hidden=\"true\" class=\"fab fa-app-store-ios\"><\/i>\t\t\t<\/a>\n\t\t<\/div>\n\t\t\t\t\t\t<\/div>\n\t\t\t\t<\/div>\n\t\t\t\t<div class=\"elementor-element elementor-element-c43fabe elementor-view-default elementor-widget elementor-widget-icon\" data-id=\"c43fabe\" data-element_type=\"widget\" data-widget_type=\"icon.default\">\n\t\t\t\t<div class=\"elementor-widget-container\">\n\t\t\t\t\t\t\t<div class=\"elementor-icon-wrapper\">\n\t\t\t<a class=\"elementor-icon\" href=\"https:\/\/play.google.com\/store\/apps\/details?id=events.grip.efbe1047&#038;hl=en\">\n\t\t\t<i aria-hidden=\"true\" class=\"fab fa-google-play\"><\/i>\t\t\t<\/a>\n\t\t<\/div>\n\t\t\t\t\t\t<\/div>\n\t\t\t\t<\/div>\n\t\t\t\t<\/div>\n\t\t\t\t<\/div>\n\t\t\t\t<\/div>\n\t\t<div class=\"elementor-element elementor-element-366a1cd e-con-full e-flex e-con e-parent\" data-id=\"366a1cd\" data-element_type=\"container\" data-settings=\"{&quot;background_background&quot;:&quot;classic&quot;}\">\n\t\t<div class=\"elementor-element elementor-element-f550194 e-con-full e-flex e-con e-child\" data-id=\"f550194\" data-element_type=\"container\">\n\t\t\t\t<div class=\"elementor-element elementor-element-7bfb68c elementor-widget elementor-widget-heading\" data-id=\"7bfb68c\" data-element_type=\"widget\" data-widget_type=\"heading.default\">\n\t\t\t\t<div class=\"elementor-widget-container\">\n\t\t\t\t\t<h2 class=\"elementor-heading-title elementor-size-default\">Qu'est-ce que l'application Easyfairs Belgium ?<\/h2>\t\t\t\t<\/div>\n\t\t\t\t<\/div>\n\t\t\t\t<div class=\"elementor-element elementor-element-a0916b2 elementor-widget elementor-widget-text-editor\" data-id=\"a0916b2\" data-element_type=\"widget\" data-widget_type=\"text-editor.default\">\n\t\t\t\t<div class=\"elementor-widget-container\">\n\t\t\t\t\t\t\t\t\t<p><strong>L&rsquo;application Easyfairs Belgium<\/strong> vous permet de profiter pleinement de votre visite au salon. D\u00e9couvrez de nouveaux exposants, recevez des <strong>mises \u00e0 jour en temps r\u00e9el<\/strong>, n<strong>aviguez facilement dans le salon<\/strong> et n<strong>e manquez aucune occasion de r\u00e9seauter<\/strong> ou de d\u00e9couvrir des solutions innovantes. Vous serez toujours parfaitement pr\u00e9par\u00e9. L&rsquo;application regroupe tout ce dont vous avez besoin pour planifier et optimiser efficacement votre visite.<\/p>\n\t\t\t\t\t\t\t\t<\/div>\n\t\t\t\t<\/div>\n\t\t\t\t<\/div>\n\t\t<div class=\"elementor-element elementor-element-77df7a7 e-con-full e-flex e-con e-child\" data-id=\"77df7a7\" data-element_type=\"container\" data-settings=\"{&quot;background_background&quot;:&quot;classic&quot;}\">\n\t\t<div class=\"elementor-element elementor-element-94416ae e-con-full e-flex e-con e-child\" data-id=\"94416ae\" data-element_type=\"container\" data-settings=\"{&quot;background_background&quot;:&quot;classic&quot;}\">\n\t\t\t\t<div class=\"elementor-element elementor-element-3198a99 elementor-view-default elementor-widget elementor-widget-icon\" data-id=\"3198a99\" data-element_type=\"widget\" data-widget_type=\"icon.default\">\n\t\t\t\t<div class=\"elementor-widget-container\">\n\t\t\t\t\t\t\t<div class=\"elementor-icon-wrapper\">\n\t\t\t<div class=\"elementor-icon\">\n\t\t\t<i aria-hidden=\"true\" class=\"far fa-calendar-alt\"><\/i>\t\t\t<\/div>\n\t\t<\/div>\n\t\t\t\t\t\t<\/div>\n\t\t\t\t<\/div>\n\t\t\t\t<div class=\"elementor-element elementor-element-2c2d2fc elementor-widget elementor-widget-heading\" data-id=\"2c2d2fc\" data-element_type=\"widget\" data-widget_type=\"heading.default\">\n\t\t\t\t<div class=\"elementor-widget-container\">\n\t\t\t\t\t<h2 class=\"elementor-heading-title elementor-size-default\">Planifiez votre visite \u00e0 l'avance<\/h2>\t\t\t\t<\/div>\n\t\t\t\t<\/div>\n\t\t\t\t<div class=\"elementor-element elementor-element-9507c00 elementor-widget elementor-widget-text-editor\" data-id=\"9507c00\" data-element_type=\"widget\" data-widget_type=\"text-editor.default\">\n\t\t\t\t<div class=\"elementor-widget-container\">\n\t\t\t\t\t\t\t\t\t<p>Une bonne pr\u00e9paration est la cl\u00e9 d&rsquo;une visite r\u00e9ussie \u00e0 Advanced Engineering. Gr\u00e2ce \u00e0 la nouvelle application, vous pouvez planifier votre visite au salon en quelques clics afin de profiter au maximum de votre journ\u00e9e.<\/p>\n\t\t\t\t\t\t\t\t<\/div>\n\t\t\t\t<\/div>\n\t\t\t\t<\/div>\n\t\t<div class=\"elementor-element elementor-element-266b74a e-con-full e-flex e-con e-child\" data-id=\"266b74a\" data-element_type=\"container\" data-settings=\"{&quot;background_background&quot;:&quot;classic&quot;}\">\n\t\t\t\t<div class=\"elementor-element elementor-element-732d54f elementor-view-default elementor-widget elementor-widget-icon\" data-id=\"732d54f\" data-element_type=\"widget\" data-widget_type=\"icon.default\">\n\t\t\t\t<div class=\"elementor-widget-container\">\n\t\t\t\t\t\t\t<div class=\"elementor-icon-wrapper\">\n\t\t\t<div class=\"elementor-icon\">\n\t\t\t<i aria-hidden=\"true\" class=\"far fa-handshake\"><\/i>\t\t\t<\/div>\n\t\t<\/div>\n\t\t\t\t\t\t<\/div>\n\t\t\t\t<\/div>\n\t\t\t\t<div class=\"elementor-element elementor-element-d7074fd elementor-widget elementor-widget-heading\" data-id=\"d7074fd\" data-element_type=\"widget\" data-widget_type=\"heading.default\">\n\t\t\t\t<div class=\"elementor-widget-container\">\n\t\t\t\t\t<h2 class=\"elementor-heading-title elementor-size-default\">Recevoir des suggestions<\/h2>\t\t\t\t<\/div>\n\t\t\t\t<\/div>\n\t\t\t\t<div class=\"elementor-element elementor-element-1ec2242 elementor-widget elementor-widget-text-editor\" data-id=\"1ec2242\" data-element_type=\"widget\" data-widget_type=\"text-editor.default\">\n\t\t\t\t<div class=\"elementor-widget-container\">\n\t\t\t\t\t\t\t\t\t<p>Recevez <strong>des suggestions personnalis\u00e9es<\/strong> des personnes les plus int\u00e9ressantes \u00e0 rencontrer. Un algorithme intelligent analyse vos pr\u00e9f\u00e9rences et vous propose imm\u00e9diatement les connexions les plus pertinentes.<\/p>\n\t\t\t\t\t\t\t\t<\/div>\n\t\t\t\t<\/div>\n\t\t\t\t<\/div>\n\t\t<div class=\"elementor-element elementor-element-76d4e4c e-con-full e-flex e-con e-child\" data-id=\"76d4e4c\" data-element_type=\"container\" data-settings=\"{&quot;background_background&quot;:&quot;classic&quot;}\">\n\t\t\t\t<div class=\"elementor-element elementor-element-146b544 elementor-view-default elementor-widget elementor-widget-icon\" data-id=\"146b544\" data-element_type=\"widget\" data-widget_type=\"icon.default\">\n\t\t\t\t<div class=\"elementor-widget-container\">\n\t\t\t\t\t\t\t<div class=\"elementor-icon-wrapper\">\n\t\t\t<div class=\"elementor-icon\">\n\t\t\t<i aria-hidden=\"true\" class=\"fas fa-microphone\"><\/i>\t\t\t<\/div>\n\t\t<\/div>\n\t\t\t\t\t\t<\/div>\n\t\t\t\t<\/div>\n\t\t\t\t<div class=\"elementor-element elementor-element-bdac3ab elementor-widget elementor-widget-heading\" data-id=\"bdac3ab\" data-element_type=\"widget\" data-widget_type=\"heading.default\">\n\t\t\t\t<div class=\"elementor-widget-container\">\n\t\t\t\t\t<h2 class=\"elementor-heading-title elementor-size-default\">Choisissez votre programme <\/h2>\t\t\t\t<\/div>\n\t\t\t\t<\/div>\n\t\t\t\t<div class=\"elementor-element elementor-element-47926a1 elementor-widget elementor-widget-text-editor\" data-id=\"47926a1\" data-element_type=\"widget\" data-widget_type=\"text-editor.default\">\n\t\t\t\t<div class=\"elementor-widget-container\">\n\t\t\t\t\t\t\t\t\t<p><strong>Vous restez toujours \u00e0 jour<\/strong> et ne manquez aucune session importante. Explorez le programme de la conf\u00e9rence, d\u00e9couvrez les intervenants et les th\u00e8mes abord\u00e9s, et ajoutez en un clic les sessions auxquelles vous souhaitez absolument assister.<\/p>\n\t\t\t\t\t\t\t\t<\/div>\n\t\t\t\t<\/div>\n\t\t\t\t<\/div>\n\t\t\t\t<\/div>\n\t\t\t\t<\/div>\n\t\t<div class=\"elementor-element elementor-element-5e4c1c2 e-con-full e-flex e-con e-parent\" data-id=\"5e4c1c2\" data-element_type=\"container\" data-settings=\"{&quot;background_background&quot;:&quot;classic&quot;}\">\n\t\t<div class=\"elementor-element elementor-element-c8c980a e-con-full e-flex e-con e-child\" data-id=\"c8c980a\" data-element_type=\"container\">\n\t\t<div class=\"elementor-element elementor-element-dce47ee e-con-full e-flex e-con e-child\" data-id=\"dce47ee\" data-element_type=\"container\">\n\t\t\t\t<div class=\"elementor-element elementor-element-1146788 elementor-widget elementor-widget-heading\" data-id=\"1146788\" data-element_type=\"widget\" data-widget_type=\"heading.default\">\n\t\t\t\t<div class=\"elementor-widget-container\">\n\t\t\t\t\t<h2 class=\"elementor-heading-title elementor-size-default\">Avantages de l'application<\/h2>\t\t\t\t<\/div>\n\t\t\t\t<\/div>\n\t\t\t\t<div class=\"elementor-element elementor-element-bcb3280 elementor-widget elementor-widget-text-editor\" data-id=\"bcb3280\" data-element_type=\"widget\" data-widget_type=\"text-editor.default\">\n\t\t\t\t<div class=\"elementor-widget-container\">\n\t\t\t\t\t\t\t\t\t<ol>\n<li data-start=\"75\" data-end=\"181\"><strong>R\u00e9seautage efficace :<\/strong> identifiez facilement les coll\u00e8gues et sp\u00e9cialistes qui correspondent \u00e0 vos besoins et organisez vos rendez-vous de mani\u00e8re cibl\u00e9e.<\/li>\n<li data-start=\"75\" data-end=\"181\"><strong>Exp\u00e9rience sur mesure<\/strong> <strong>:<\/strong> recevez des suggestions qui correspondent \u00e9troitement \u00e0 vos pr\u00e9f\u00e9rences et \u00e0 vos exigences professionnelles.<\/li>\n<li data-start=\"75\" data-end=\"181\">R<strong>estez organis\u00e9<\/strong> <strong>:<\/strong> g\u00e9rez votre agenda, vos rendez-vous et vos ateliers de mani\u00e8re claire et centralis\u00e9e.<\/li>\n<li data-start=\"75\" data-end=\"181\"><strong>Restez inform\u00e9 :<\/strong> recevez des notifications et des mises \u00e0 jour en temps r\u00e9el sur l&rsquo;\u00e9v\u00e9nement afin de ne manquer aucun moment important.<\/li>\n<\/ol>\n\t\t\t\t\t\t\t\t<\/div>\n\t\t\t\t<\/div>\n\t\t\t\t<\/div>\n\t\t<div class=\"elementor-element elementor-element-a119fc6 e-con-full e-flex e-con e-child\" data-id=\"a119fc6\" data-element_type=\"container\" data-settings=\"{&quot;background_background&quot;:&quot;classic&quot;}\">\n\t\t\t\t<\/div>\n\t\t\t\t<\/div>\n\t\t\t\t<\/div>\n\t\t<div class=\"elementor-element elementor-element-791296c e-con-full e-flex e-con e-parent\" data-id=\"791296c\" data-element_type=\"container\" data-settings=\"{&quot;background_background&quot;:&quot;classic&quot;}\">\n\t\t<div class=\"elementor-element elementor-element-ada2f73 e-con-full e-flex e-con e-child\" data-id=\"ada2f73\" data-element_type=\"container\">\n\t\t<div class=\"elementor-element elementor-element-2bd1718 e-con-full e-flex e-con e-child\" data-id=\"2bd1718\" data-element_type=\"container\">\n\t\t\t\t<div class=\"elementor-element elementor-element-23ff2cf elementor-widget elementor-widget-heading\" data-id=\"23ff2cf\" data-element_type=\"widget\" data-widget_type=\"heading.default\">\n\t\t\t\t<div class=\"elementor-widget-container\">\n\t\t\t\t\t<h2 class=\"elementor-heading-title elementor-size-default\">Comment \u00e7a marche ?<\/h2>\t\t\t\t<\/div>\n\t\t\t\t<\/div>\n\t\t\t\t<div class=\"elementor-element elementor-element-2d2a3e5 elementor-widget__width-initial elementor-widget elementor-widget-text-editor\" data-id=\"2d2a3e5\" data-element_type=\"widget\" data-widget_type=\"text-editor.default\">\n\t\t\t\t<div class=\"elementor-widget-container\">\n\t\t\t\t\t\t\t\t\t<ol>\n<li><strong>Inscrivez-vous \u00e0 Advanced Engineering :<\/strong> inscrivez-vous \u00e0 l&rsquo;\u00e9v\u00e9nement et recevez un e-mail de confirmation contenant un lien pour activer votre compte sur l&rsquo;application.<\/li>\n<li><strong>T\u00e9l\u00e9chargez l&rsquo;application Easyfairs Belgium :<\/strong> l&rsquo;application est disponible pour Android et iOS. Utilisez le lien de t\u00e9l\u00e9chargement dans l&rsquo;e-mail de confirmation ou scannez le code QR pour installer l&rsquo;application.<\/li>\n<li><strong>Configurez votre profil :<\/strong> compl\u00e9tez votre profil en indiquant vos centres d&rsquo;int\u00e9r\u00eat, des informations sur votre entreprise et vos objectifs pour l&rsquo;\u00e9v\u00e9nement.<\/li>\n<li><strong>Recevez des recommandations personnalis\u00e9es :<\/strong> l&rsquo;application analyse vos pr\u00e9f\u00e9rences et vous propose des exposants, des conf\u00e9rences et des opportunit\u00e9s de r\u00e9seautage pertinents.<\/li>\n<li><strong>Planifiez et profitez :<\/strong> utilisez l&rsquo;application pour planifier des rendez-vous, g\u00e9rer votre agenda et tirer le meilleur parti de votre exp\u00e9rience Advanced Engineering.<\/li>\n<\/ol>\n\t\t\t\t\t\t\t\t<\/div>\n\t\t\t\t<\/div>\n\t\t\t\t<\/div>\n\t\t<div class=\"elementor-element elementor-element-9c68f84 e-con-full e-flex e-con e-child\" data-id=\"9c68f84\" data-element_type=\"container\" data-settings=\"{&quot;background_background&quot;:&quot;classic&quot;}\">\n\t\t\t\t<\/div>\n\t\t\t\t<\/div>\n\t\t\t\t<\/div>\n\t\t<div class=\"elementor-element elementor-element-8d79a73 e-con-full e-flex e-con e-parent\" data-id=\"8d79a73\" data-element_type=\"container\" data-settings=\"{&quot;background_background&quot;:&quot;classic&quot;}\">\n\t\t<div class=\"elementor-element elementor-element-f4b66df e-con-full e-flex e-con e-child\" data-id=\"f4b66df\" data-element_type=\"container\">\n\t\t<div class=\"elementor-element elementor-element-d43387f e-con-full e-flex e-con e-child\" data-id=\"d43387f\" data-element_type=\"container\">\n\t\t<div class=\"elementor-element elementor-element-d0d8dc7 e-con-full e-flex e-con e-child\" data-id=\"d0d8dc7\" data-element_type=\"container\">\n\t\t\t\t<div class=\"elementor-element elementor-element-5fb16ff elementor-widget elementor-widget-heading\" data-id=\"5fb16ff\" data-element_type=\"widget\" data-widget_type=\"heading.default\">\n\t\t\t\t<div class=\"elementor-widget-container\">\n\t\t\t\t\t<h2 class=\"elementor-heading-title elementor-size-default\">Profitez au maximum de votre visite \u00e0 Advanced Engineering<\/h2>\t\t\t\t<\/div>\n\t\t\t\t<\/div>\n\t\t\t\t<div class=\"elementor-element elementor-element-2639032 elementor-widget elementor-widget-text-editor\" data-id=\"2639032\" data-element_type=\"widget\" data-widget_type=\"text-editor.default\">\n\t\t\t\t<div class=\"elementor-widget-container\">\n\t\t\t\t\t\t\t\t\t<p>Optimisez votre visite au salon, nouez de nouveaux contacts et restez inform\u00e9 de tout ce qu&rsquo;Advanced Engineering a \u00e0 offrir.<\/p>\n\t\t\t\t\t\t\t\t<\/div>\n\t\t\t\t<\/div>\n\t\t\t\t<\/div>\n\t\t<div class=\"elementor-element elementor-element-76c9956 e-con-full e-flex e-con e-child\" data-id=\"76c9956\" data-element_type=\"container\">\n\t\t\t\t<div class=\"elementor-element elementor-element-bbac684 elementor-widget elementor-widget-text-editor\" data-id=\"bbac684\" data-element_type=\"widget\" data-widget_type=\"text-editor.default\">\n\t\t\t\t<div class=\"elementor-widget-container\">\n\t\t\t\t\t\t\t\t\t<p>T\u00e9l\u00e9chargez l&rsquo;application :<\/p>\n\t\t\t\t\t\t\t\t<\/div>\n\t\t\t\t<\/div>\n\t\t\t\t<div class=\"elementor-element elementor-element-e4e9625 elementor-view-default elementor-widget elementor-widget-icon\" data-id=\"e4e9625\" data-element_type=\"widget\" data-widget_type=\"icon.default\">\n\t\t\t\t<div class=\"elementor-widget-container\">\n\t\t\t\t\t\t\t<div class=\"elementor-icon-wrapper\">\n\t\t\t<a class=\"elementor-icon\" href=\"https:\/\/apps.apple.com\/nl\/app\/easyfairs-belgium\/id6680193572\">\n\t\t\t<i aria-hidden=\"true\" class=\"fab fa-app-store-ios\"><\/i>\t\t\t<\/a>\n\t\t<\/div>\n\t\t\t\t\t\t<\/div>\n\t\t\t\t<\/div>\n\t\t\t\t<div class=\"elementor-element elementor-element-2dcff4e elementor-view-default elementor-widget elementor-widget-icon\" data-id=\"2dcff4e\" data-element_type=\"widget\" data-widget_type=\"icon.default\">\n\t\t\t\t<div class=\"elementor-widget-container\">\n\t\t\t\t\t\t\t<div class=\"elementor-icon-wrapper\">\n\t\t\t<a class=\"elementor-icon\" href=\"https:\/\/play.google.com\/store\/apps\/details?id=events.grip.efbe1047&#038;hl=en\">\n\t\t\t<i aria-hidden=\"true\" class=\"fab fa-google-play\"><\/i>\t\t\t<\/a>\n\t\t<\/div>\n\t\t\t\t\t\t<\/div>\n\t\t\t\t<\/div>\n\t\t\t\t<\/div>\n\t\t\t\t<\/div>\n\t\t<div class=\"elementor-element elementor-element-14a703d e-con-full e-flex e-con e-child\" data-id=\"14a703d\" data-element_type=\"container\" data-settings=\"{&quot;background_background&quot;:&quot;classic&quot;}\">\n\t\t\t\t<\/div>\n\t\t\t\t<\/div>\n\t\t\t\t<\/div>\n\t\t\t\t<\/div>\n\t\t","protected":false},"excerpt":{"rendered":"<p>Application Easyfairs Belgium &#8211; Votre assistant intelligent pour une visite optimale du salon<\/p>\n","protected":false},"author":219,"featured_media":0,"parent":0,"menu_order":0,"comment_status":"closed","ping_status":"closed","template":"elementor_header_footer","meta":{"_seopress_robots_primary_cat":"","_seopress_titles_title":"Application Easyfairs Belgium - Advanced Engineering","_seopress_titles_desc":"Application Easyfairs Belgium - Votre assistant intelligent pour une visite optimale du salon","_seopress_robots_index":"","footnotes":""},"class_list":["post-112779","page","type-page","status-publish","hentry"],"_links":{"self":[{"href":"https:\/\/www.ae-expo.be\/fr\/wp-json\/wp\/v2\/pages\/112779","targetHints":{"allow":["GET"]}}],"collection":[{"href":"https:\/\/www.ae-expo.be\/fr\/wp-json\/wp\/v2\/pages"}],"about":[{"href":"https:\/\/www.ae-expo.be\/fr\/wp-json\/wp\/v2\/types\/page"}],"author":[{"embeddable":true,"href":"https:\/\/www.ae-expo.be\/fr\/wp-json\/wp\/v2\/users\/219"}],"replies":[{"embeddable":true,"href":"https:\/\/www.ae-expo.be\/fr\/wp-json\/wp\/v2\/comments?post=112779"}],"version-history":[{"count":5,"href":"https:\/\/www.ae-expo.be\/fr\/wp-json\/wp\/v2\/pages\/112779\/revisions"}],"predecessor-version":[{"id":116530,"href":"https:\/\/www.ae-expo.be\/fr\/wp-json\/wp\/v2\/pages\/112779\/revisions\/116530"}],"wp:attachment":[{"href":"https:\/\/www.ae-expo.be\/fr\/wp-json\/wp\/v2\/media?parent=112779"}],"curies":[{"name":"wp","href":"https:\/\/api.w.org\/{rel}","templated":true}]}}