{"id":109881,"date":"2025-12-23T15:52:00","date_gmt":"2025-12-23T14:52:00","guid":{"rendered":"https:\/\/www.ae-expo.be\/?page_id=109881"},"modified":"2026-03-30T15:48:38","modified_gmt":"2026-03-30T13:48:38","slug":"quantum-club","status":"publish","type":"page","link":"https:\/\/www.ae-expo.be\/fr\/quantum-club\/","title":{"rendered":"Quantum Club"},"content":{"rendered":"\t\t<div data-elementor-type=\"wp-post\" data-elementor-id=\"109881\" class=\"elementor elementor-109881 elementor-109879\" data-elementor-post-type=\"page\">\n\t\t\t\t<div class=\"elementor-element elementor-element-646c6b7 e-con-full e-flex e-con e-parent\" data-id=\"646c6b7\" data-element_type=\"container\" data-settings=\"{&quot;background_background&quot;:&quot;classic&quot;}\">\n\t\t<div class=\"elementor-element elementor-element-4f4add9 e-con-full e-flex e-con e-child\" data-id=\"4f4add9\" data-element_type=\"container\">\n\t\t\t\t<div class=\"elementor-element elementor-element-19029ee elementor-widget elementor-widget-heading\" data-id=\"19029ee\" data-element_type=\"widget\" data-widget_type=\"heading.default\">\n\t\t\t\t<div class=\"elementor-widget-container\">\n\t\t\t\t\t<h1 class=\"elementor-heading-title elementor-size-default\">Technologie quantique <\/h1>\t\t\t\t<\/div>\n\t\t\t\t<\/div>\n\t\t\t\t<div class=\"elementor-element elementor-element-f919438 elementor-widget elementor-widget-text-editor\" data-id=\"f919438\" data-element_type=\"widget\" data-widget_type=\"text-editor.default\">\n\t\t\t\t<div class=\"elementor-widget-container\">\n\t\t\t\t\t\t\t\t\t<p>Propuls\u00e9 par Quantum Circle<\/p>\n\t\t\t\t\t\t\t\t<\/div>\n\t\t\t\t<\/div>\n\t\t<div class=\"elementor-element elementor-element-f55dfc7 e-con-full e-flex e-con e-child\" data-id=\"f55dfc7\" data-element_type=\"container\">\n\t\t\t\t<div class=\"elementor-element elementor-element-732daa3 elementor-align-left elementor-widget elementor-widget-dynamic-button\" data-id=\"732daa3\" data-element_type=\"widget\" data-settings=\"{&quot;_animation&quot;:&quot;none&quot;}\" data-widget_type=\"dynamic-button.default\">\n\t\t\t\t<div class=\"elementor-widget-container\">\n\t\t\t\t\t        <div class=\"elementor-button-wrapper\">\n            <a href=\"mailto:\/\/ekram.hassani@easyfairs.com\" class=\"elementor-button-link elementor-button elementor-size-sm\" role=\"button\">\n                        <span class=\"elementor-button-content-wrapper\">\n\t\t\t                <span class=\"elementor-button-icon elementor-align-icon-right\">\n\t\t\t\t<i aria-hidden=\"true\" class=\"fas fa-chevron-right\"><\/i>\t\t\t<\/span>\n            \t\t\t<span class=\"elementor-button-text\">R\u00e9servez votre stand<\/span>\n\t\t<\/span>\n                    <\/a>\n        <\/div>\n        \t\t\t\t<\/div>\n\t\t\t\t<\/div>\n\t\t\t\t<div class=\"elementor-element elementor-element-2b5d3e6 elementor-widget__width-initial elementor-widget elementor-widget-image\" data-id=\"2b5d3e6\" data-element_type=\"widget\" data-widget_type=\"image.default\">\n\t\t\t\t<div class=\"elementor-widget-container\">\n\t\t\t\t\t\t\t\t\t\t\t\t\t\t\t<img fetchpriority=\"high\" decoding=\"async\" width=\"383\" height=\"132\" src=\"https:\/\/easyfairsassets.com\/sites\/303\/2025\/11\/images-1.jpg\" class=\"attachment-large size-large wp-image-112593\" alt=\"\" srcset=\"https:\/\/easyfairsassets.com\/sites\/303\/2025\/11\/images-1.jpg 383w, https:\/\/easyfairsassets.com\/sites\/303\/2025\/11\/images-1-300x103.jpg 300w\" sizes=\"(max-width: 383px) 100vw, 383px\" \/>\t\t\t\t\t\t\t\t\t\t\t\t\t\t\t<\/div>\n\t\t\t\t<\/div>\n\t\t\t\t<\/div>\n\t\t\t\t<\/div>\n\t\t<div class=\"elementor-element elementor-element-3312163 e-con-full e-flex e-con e-child\" data-id=\"3312163\" data-element_type=\"container\">\n\t\t\t\t<div class=\"elementor-element elementor-element-8dce082 elementor-widget elementor-widget-text-editor\" data-id=\"8dce082\" data-element_type=\"widget\" data-widget_type=\"text-editor.default\">\n\t\t\t\t<div class=\"elementor-widget-container\">\n\t\t\t\t\t\t\t\t\t<p>Le quantum \u00e9volue rapidement, passant du statut de mot \u00e0 la mode \u00e0 celui d&rsquo;applications concr\u00e8tes. Vous pouvez \u00eatre \u00e0 l&rsquo;origine de cette \u00e9volution.<br \/>Les 6 et 7 mai 2026, Advanced Engineering mettra en lumi\u00e8re l&rsquo;avenir du quantum en Belgique au Flanders Expo Gent. Au programme : une keynote internationale d&rsquo;IBM, des sessions approfondies du Quantum Circle, des Quantum Drinks dans le salon VIP et une zone Quantum Circle unique sur le salon.<br \/>Rejoignez une communaut\u00e9 en pleine expansion et montrez la puissance de la technologie quantique \u00e0 plus de 1 600 professionnels de l&rsquo;industrie manufacturi\u00e8re.<br \/>Vous souhaitez b\u00e9n\u00e9ficier d&rsquo;une visibilit\u00e9 suppl\u00e9mentaire ? Participez \u00e0 la zone Quantum Circle et mettez votre solution \u00e0 l&rsquo;honneur.<\/p>\n\t\t\t\t\t\t\t\t<\/div>\n\t\t\t\t<\/div>\n\t\t\t\t<\/div>\n\t\t\t\t<\/div>\n\t\t<div class=\"elementor-element elementor-element-791296c e-con-full e-flex e-con e-parent\" data-id=\"791296c\" data-element_type=\"container\" data-settings=\"{&quot;background_background&quot;:&quot;classic&quot;}\">\n\t\t<div class=\"elementor-element elementor-element-b8c9a11 e-con-full e-flex e-con e-child\" data-id=\"b8c9a11\" data-element_type=\"container\">\n\t\t\t\t<div class=\"elementor-element elementor-element-d3cac15 elementor-widget elementor-widget-heading\" data-id=\"d3cac15\" data-element_type=\"widget\" data-widget_type=\"heading.default\">\n\t\t\t\t<div class=\"elementor-widget-container\">\n\t\t\t\t\t<h2 class=\"elementor-heading-title elementor-size-default\">Quantum Circle-zone<\/h2>\t\t\t\t<\/div>\n\t\t\t\t<\/div>\n\t\t\t\t<div class=\"elementor-element elementor-element-6bacda2 elementor-widget elementor-widget-text-editor\" data-id=\"6bacda2\" data-element_type=\"widget\" data-widget_type=\"text-editor.default\">\n\t\t\t\t<div class=\"elementor-widget-container\">\n\t\t\t\t\t\t\t\t\t<ul>\n<li>Une allocution internationale d&rsquo;IBM lors de la s\u00e9ance pl\u00e9ni\u00e8re du matin.<\/li>\n<li>Une s\u00e9ance approfondie et inspirante l&rsquo;apr\u00e8s-midi, organis\u00e9e par le Quantum Circle.<\/li>\n<li>Quantum Drinks dans le salon VIP \u2013 l&rsquo;endroit id\u00e9al pour r\u00e9seauter.<\/li>\n<li>Une zone Quantum Circle unique avec des stands d&rsquo;exposition physiques tout compris.<\/li>\n<\/ul>\n\t\t\t\t\t\t\t\t<\/div>\n\t\t\t\t<\/div>\n\t\t\t\t<div class=\"elementor-element elementor-element-97da49c elementor-align-left elementor-widget elementor-widget-button\" data-id=\"97da49c\" data-element_type=\"widget\" data-settings=\"{&quot;_animation&quot;:&quot;none&quot;}\" data-widget_type=\"button.default\">\n\t\t\t\t<div class=\"elementor-widget-container\">\n\t\t\t\t\t\t\t\t\t<div class=\"elementor-button-wrapper\">\n\t\t\t\t\t<a class=\"elementor-button elementor-button-link elementor-size-sm\" href=\"mailto:ekram.hassani@easyfairs.com\">\n\t\t\t\t\t\t<span class=\"elementor-button-content-wrapper\">\n\t\t\t\t\t\t\t\t\t<span class=\"elementor-button-text\">Plus d'informations<\/span>\n\t\t\t\t\t<\/span>\n\t\t\t\t\t<\/a>\n\t\t\t\t<\/div>\n\t\t\t\t\t\t\t\t<\/div>\n\t\t\t\t<\/div>\n\t\t\t\t<\/div>\n\t\t<div class=\"elementor-element elementor-element-61a55df e-con-full e-flex e-con e-child\" data-id=\"61a55df\" data-element_type=\"container\" data-settings=\"{&quot;background_background&quot;:&quot;classic&quot;}\">\n\t\t\t\t<\/div>\n\t\t\t\t<\/div>\n\t\t\t\t<\/div>\n\t\t","protected":false},"excerpt":{"rendered":"<p>Technologie quantique Propuls\u00e9 par Quantum Circle R\u00e9servez votre stand Le quantum \u00e9volue rapidement, passant du statut de mot \u00e0 la mode \u00e0 celui d&rsquo;applications concr\u00e8tes. Vous pouvez \u00eatre \u00e0 l&rsquo;origine de cette \u00e9volution.Les 6 et 7 mai 2026, Advanced Engineering mettra en lumi\u00e8re l&rsquo;avenir du quantum en Belgique au Flanders Expo Gent. Au programme : [&hellip;]<\/p>\n","protected":false},"author":219,"featured_media":0,"parent":0,"menu_order":0,"comment_status":"closed","ping_status":"closed","template":"elementor_header_footer","meta":{"_seopress_robots_primary_cat":"","_seopress_titles_title":"Quantum Club - Advanced Engineering","_seopress_titles_desc":"Les 6 et 7 mai 2026, Advanced Engineering mettra en lumi\u00e8re l'avenir du quantum en Belgique au Flanders Expo Gent.","_seopress_robots_index":"","footnotes":""},"class_list":["post-109881","page","type-page","status-publish","hentry"],"_links":{"self":[{"href":"https:\/\/www.ae-expo.be\/fr\/wp-json\/wp\/v2\/pages\/109881","targetHints":{"allow":["GET"]}}],"collection":[{"href":"https:\/\/www.ae-expo.be\/fr\/wp-json\/wp\/v2\/pages"}],"about":[{"href":"https:\/\/www.ae-expo.be\/fr\/wp-json\/wp\/v2\/types\/page"}],"author":[{"embeddable":true,"href":"https:\/\/www.ae-expo.be\/fr\/wp-json\/wp\/v2\/users\/219"}],"replies":[{"embeddable":true,"href":"https:\/\/www.ae-expo.be\/fr\/wp-json\/wp\/v2\/comments?post=109881"}],"version-history":[{"count":5,"href":"https:\/\/www.ae-expo.be\/fr\/wp-json\/wp\/v2\/pages\/109881\/revisions"}],"predecessor-version":[{"id":117118,"href":"https:\/\/www.ae-expo.be\/fr\/wp-json\/wp\/v2\/pages\/109881\/revisions\/117118"}],"wp:attachment":[{"href":"https:\/\/www.ae-expo.be\/fr\/wp-json\/wp\/v2\/media?parent=109881"}],"curies":[{"name":"wp","href":"https:\/\/api.w.org\/{rel}","templated":true}]}}